{"id":885,"date":"2017-09-20T09:54:48","date_gmt":"2017-09-20T09:54:48","guid":{"rendered":"https:\/\/doadental.com\/tratamientos\/sedacion\/"},"modified":"2026-02-23T09:50:05","modified_gmt":"2026-02-23T08:50:05","slug":"sedation","status":"publish","type":"page","link":"https:\/\/doadental.com\/en\/treatments\/sedation\/","title":{"rendered":"Sedation"},"content":{"rendered":"\t\t<div data-elementor-type=\"wp-page\" data-elementor-id=\"885\" class=\"elementor elementor-885 elementor-221\" data-elementor-post-type=\"page\">\n\t\t\t\t<div class=\"elementor-element elementor-element-7743d70 e-flex e-con-boxed e-con e-parent\" data-id=\"7743d70\" data-element_type=\"container\" data-e-type=\"container\" data-settings=\"{&quot;jet_parallax_layout_list&quot;:[]}\">\n\t\t\t\t\t<div class=\"e-con-inner\">\n\t\t<div class=\"elementor-element elementor-element-c3ba987 e-con-full e-flex e-con e-child\" data-id=\"c3ba987\" data-element_type=\"container\" data-e-type=\"container\" data-settings=\"{&quot;jet_parallax_layout_list&quot;:[]}\">\n\t\t\t\t<div class=\"elementor-element elementor-element-4abce7f elementor-widget elementor-widget-text-editor\" data-id=\"4abce7f\" data-element_type=\"widget\" data-e-type=\"widget\" data-widget_type=\"text-editor.default\">\n\t\t\t\t\t\t\t\t\t<p>TREATMENTS<\/p>\t\t\t\t\t\t\t\t<\/div>\n\t\t\t\t<div class=\"elementor-element elementor-element-6ce86dc elementor-widget elementor-widget-heading\" data-id=\"6ce86dc\" data-element_type=\"widget\" data-e-type=\"widget\" data-widget_type=\"heading.default\">\n\t\t\t\t\t<h2 class=\"elementor-heading-title elementor-size-default\">Sedation<\/h2>\t\t\t\t<\/div>\n\t\t\t\t<div class=\"elementor-element elementor-element-b259312 elementor-widget elementor-widget-text-editor\" data-id=\"b259312\" data-element_type=\"widget\" data-e-type=\"widget\" data-widget_type=\"text-editor.default\">\n\t\t\t\t\t\t\t\t\t<p>We often encounter patients who, due to fear, phobia, or anxiety, have been postponing their visits to the dentist and avoiding dental treatment. The fundamental problem is that the more time that passes, the more damage is done to their mouth.<\/p>\t\t\t\t\t\t\t\t<\/div>\n\t\t\t\t<\/div>\n\t\t<div class=\"elementor-element elementor-element-856cceb e-con-full e-flex e-con e-child\" data-id=\"856cceb\" data-element_type=\"container\" data-e-type=\"container\" data-settings=\"{&quot;jet_parallax_layout_list&quot;:[]}\">\n\t\t\t\t<div class=\"elementor-element elementor-element-c85f61f elementor-widget elementor-widget-image\" data-id=\"c85f61f\" data-element_type=\"widget\" data-e-type=\"widget\" data-widget_type=\"image.default\">\n\t\t\t\t\t\t\t\t\t\t\t\t\t\t\t<img fetchpriority=\"high\" decoding=\"async\" width=\"800\" height=\"334\" src=\"https:\/\/doadental.com\/wp-content\/uploads\/2019\/02\/sedacion-1024x427.jpg\" class=\"attachment-large size-large wp-image-993\" alt=\"\" srcset=\"https:\/\/doadental.com\/wp-content\/uploads\/2019\/02\/sedacion-1024x427.jpg 1024w, https:\/\/doadental.com\/wp-content\/uploads\/2019\/02\/sedacion-300x125.jpg 300w, https:\/\/doadental.com\/wp-content\/uploads\/2019\/02\/sedacion-768x320.jpg 768w, https:\/\/doadental.com\/wp-content\/uploads\/2019\/02\/sedacion.jpg 1200w\" sizes=\"(max-width: 800px) 100vw, 800px\" \/>\t\t\t\t\t\t\t\t\t\t\t\t\t\t\t<\/div>\n\t\t\t\t<\/div>\n\t\t\t\t\t<\/div>\n\t\t\t\t<\/div>\n\t\t<div class=\"elementor-element elementor-element-35999567 e-flex e-con-boxed e-con e-parent\" data-id=\"35999567\" data-element_type=\"container\" data-e-type=\"container\" data-settings=\"{&quot;jet_parallax_layout_list&quot;:[]}\">\n\t\t\t\t\t<div class=\"e-con-inner\">\n\t\t\t\t<div class=\"elementor-element elementor-element-1088287d elementor-widget elementor-widget-text-editor\" data-id=\"1088287d\" data-element_type=\"widget\" data-e-type=\"widget\" data-widget_type=\"text-editor.default\">\n\t\t\t\t\t\t\t\t\t<h3>DOA Dental Clinic specializes in alleviating patients&#8217; fears and anxiety, offering the possibility of performing all necessary treatments under conscious sedation in a single visit, with the guarantee that the patient will not suffer any discomfort, while still being able to cooperate with the dentist at all times.<\/h3><p>We have our own team of anesthetists to carry out these treatments safely and securely, always under the supervision of an anesthetist who monitors the patient&#8217;s vital signs at all times.<\/p>\t\t\t\t\t\t\t\t<\/div>\n\t\t\t\t\t<\/div>\n\t\t\t\t<\/div>\n\t\t\t\t<\/div>\n\t\t","protected":false},"excerpt":{"rendered":"<p>En muchas ocasiones nos encontramos con pacientes que por <strong>miedo, fobia o angustia<\/strong>, han ido aplazando sus visitas al dentista y <strong>evitando los tratamientos dentales<\/strong>. El problema fundamental, es que cuanto m\u00e1s tiempo ha pasado, <strong>m\u00e1s da\u00f1ada se encuentra su boca<\/strong>.<\/p>\n<p><strong>DOA Dental Clinic<\/strong> est\u00e1 especializada en evitar los temores y ansiedad de los pacientes, ofreciendo la posibilidad de hacer todos los tratamientos necesarios bajo sedaci\u00f3n consciente en una sola visita, con la <strong>garant\u00eda de que el paciente no sufra nada<\/strong>, y a la vez que es capaz de colaborar en todo momento con el odont\u00f3logo. Disponemos de un equipo propio de anestesistas, para llevar a cabo estos tratamientos con toda seguridad y garant\u00edas, <strong>siempre bajo la supervisi\u00f3n de un m\u00e9dico anestesista <\/strong>que controla en todo momento sus constantes vitales.<\/p>\n","protected":false},"author":6,"featured_media":0,"parent":842,"menu_order":0,"comment_status":"closed","ping_status":"closed","template":"","meta":{"_joinchat":[],"footnotes":""},"class_list":["post-885","page","type-page","status-publish","hentry"],"yoast_head":"<!-- This site is optimized with the Yoast SEO plugin v27.0 - https:\/\/yoast.com\/product\/yoast-seo-wordpress\/ -->\n<title>Sedation - DOA. Dental Clinic<\/title>\n<meta name=\"robots\" content=\"index, follow, max-snippet:-1, max-image-preview:large, max-video-preview:-1\" \/>\n<link rel=\"canonical\" href=\"https:\/\/doadental.com\/en\/treatments\/sedation\/\" \/>\n<meta property=\"og:locale\" content=\"en_US\" \/>\n<meta property=\"og:type\" content=\"article\" \/>\n<meta property=\"og:title\" content=\"Sedation - DOA. Dental Clinic\" \/>\n<meta property=\"og:description\" content=\"En muchas ocasiones nos encontramos con pacientes que por miedo, fobia o angustia, han ido aplazando sus visitas al dentista y evitando los tratamientos dentales. El problema fundamental, es que cuanto m\u00e1s tiempo ha pasado, m\u00e1s da\u00f1ada se encuentra su boca.  DOA Dental Clinic est\u00e1 especializada en evitar los temores y ansiedad de los pacientes, ofreciendo la posibilidad de hacer todos los tratamientos necesarios bajo sedaci\u00f3n consciente en una sola visita, con la garant\u00eda de que el paciente no sufra nada, y a la vez que es capaz de colaborar en todo momento con el odont\u00f3logo. Disponemos de un equipo propio de anestesistas, para llevar a cabo estos tratamientos con toda seguridad y garant\u00edas, siempre bajo la supervisi\u00f3n de un m\u00e9dico anestesista que controla en todo momento sus constantes vitales.\" \/>\n<meta property=\"og:url\" content=\"https:\/\/doadental.com\/en\/treatments\/sedation\/\" \/>\n<meta property=\"og:site_name\" content=\"DOA. Dental Clinic\" \/>\n<meta property=\"article:modified_time\" content=\"2026-02-23T08:50:05+00:00\" \/>\n<meta property=\"og:image\" content=\"https:\/\/doadental.com\/wp-content\/uploads\/2019\/02\/sedacion-1024x427.jpg\" \/>\n<meta name=\"twitter:card\" content=\"summary_large_image\" \/>\n<meta name=\"twitter:label1\" content=\"Est. reading time\" \/>\n\t<meta name=\"twitter:data1\" content=\"1 minute\" \/>\n<script type=\"application\/ld+json\" class=\"yoast-schema-graph\">{\"@context\":\"https:\/\/schema.org\",\"@graph\":[{\"@type\":\"WebPage\",\"@id\":\"https:\/\/doadental.com\/en\/treatments\/sedation\/\",\"url\":\"https:\/\/doadental.com\/en\/treatments\/sedation\/\",\"name\":\"Sedation - DOA. Dental Clinic\",\"isPartOf\":{\"@id\":\"https:\/\/doadental.com\/#website\"},\"primaryImageOfPage\":{\"@id\":\"https:\/\/doadental.com\/en\/treatments\/sedation\/#primaryimage\"},\"image\":{\"@id\":\"https:\/\/doadental.com\/en\/treatments\/sedation\/#primaryimage\"},\"thumbnailUrl\":\"https:\/\/doadental.com\/wp-content\/uploads\/2019\/02\/sedacion-1024x427.jpg\",\"datePublished\":\"2017-09-20T09:54:48+00:00\",\"dateModified\":\"2026-02-23T08:50:05+00:00\",\"breadcrumb\":{\"@id\":\"https:\/\/doadental.com\/en\/treatments\/sedation\/#breadcrumb\"},\"inLanguage\":\"en-US\",\"potentialAction\":[{\"@type\":\"ReadAction\",\"target\":[\"https:\/\/doadental.com\/en\/treatments\/sedation\/\"]}]},{\"@type\":\"ImageObject\",\"inLanguage\":\"en-US\",\"@id\":\"https:\/\/doadental.com\/en\/treatments\/sedation\/#primaryimage\",\"url\":\"https:\/\/doadental.com\/wp-content\/uploads\/2019\/02\/sedacion-1024x427.jpg\",\"contentUrl\":\"https:\/\/doadental.com\/wp-content\/uploads\/2019\/02\/sedacion-1024x427.jpg\"},{\"@type\":\"BreadcrumbList\",\"@id\":\"https:\/\/doadental.com\/en\/treatments\/sedation\/#breadcrumb\",\"itemListElement\":[{\"@type\":\"ListItem\",\"position\":1,\"name\":\"Portada\",\"item\":\"https:\/\/doadental.com\/en\/\"},{\"@type\":\"ListItem\",\"position\":2,\"name\":\"Treatments\",\"item\":\"https:\/\/doadental.com\/en\/treatments\/\"},{\"@type\":\"ListItem\",\"position\":3,\"name\":\"Sedation\"}]},{\"@type\":\"WebSite\",\"@id\":\"https:\/\/doadental.com\/#website\",\"url\":\"https:\/\/doadental.com\/\",\"name\":\"DOA. Dental Clinic\",\"description\":\"DOA Dental Clinic, instituto odontol\u00f3gico\",\"publisher\":{\"@id\":\"https:\/\/doadental.com\/#organization\"},\"potentialAction\":[{\"@type\":\"SearchAction\",\"target\":{\"@type\":\"EntryPoint\",\"urlTemplate\":\"https:\/\/doadental.com\/?s={search_term_string}\"},\"query-input\":{\"@type\":\"PropertyValueSpecification\",\"valueRequired\":true,\"valueName\":\"search_term_string\"}}],\"inLanguage\":\"en-US\"},{\"@type\":\"Organization\",\"@id\":\"https:\/\/doadental.com\/#organization\",\"name\":\"Doa Dental Clinic\",\"url\":\"https:\/\/doadental.com\/\",\"logo\":{\"@type\":\"ImageObject\",\"inLanguage\":\"en-US\",\"@id\":\"https:\/\/doadental.com\/#\/schema\/logo\/image\/\",\"url\":\"https:\/\/doadental.com\/wp-content\/uploads\/2018\/02\/logo-doa-dental-clinic.jpg\",\"contentUrl\":\"https:\/\/doadental.com\/wp-content\/uploads\/2018\/02\/logo-doa-dental-clinic.jpg\",\"width\":435,\"height\":186,\"caption\":\"Doa Dental Clinic\"},\"image\":{\"@id\":\"https:\/\/doadental.com\/#\/schema\/logo\/image\/\"}}]}<\/script>\n<!-- \/ Yoast SEO plugin. -->","yoast_head_json":{"title":"Sedation - DOA. Dental Clinic","robots":{"index":"index","follow":"follow","max-snippet":"max-snippet:-1","max-image-preview":"max-image-preview:large","max-video-preview":"max-video-preview:-1"},"canonical":"https:\/\/doadental.com\/en\/treatments\/sedation\/","og_locale":"en_US","og_type":"article","og_title":"Sedation - DOA. Dental Clinic","og_description":"En muchas ocasiones nos encontramos con pacientes que por miedo, fobia o angustia, han ido aplazando sus visitas al dentista y evitando los tratamientos dentales. El problema fundamental, es que cuanto m\u00e1s tiempo ha pasado, m\u00e1s da\u00f1ada se encuentra su boca.  DOA Dental Clinic est\u00e1 especializada en evitar los temores y ansiedad de los pacientes, ofreciendo la posibilidad de hacer todos los tratamientos necesarios bajo sedaci\u00f3n consciente en una sola visita, con la garant\u00eda de que el paciente no sufra nada, y a la vez que es capaz de colaborar en todo momento con el odont\u00f3logo. Disponemos de un equipo propio de anestesistas, para llevar a cabo estos tratamientos con toda seguridad y garant\u00edas, siempre bajo la supervisi\u00f3n de un m\u00e9dico anestesista que controla en todo momento sus constantes vitales.","og_url":"https:\/\/doadental.com\/en\/treatments\/sedation\/","og_site_name":"DOA. Dental Clinic","article_modified_time":"2026-02-23T08:50:05+00:00","og_image":[{"url":"https:\/\/doadental.com\/wp-content\/uploads\/2019\/02\/sedacion-1024x427.jpg","type":"","width":"","height":""}],"twitter_card":"summary_large_image","twitter_misc":{"Est. reading time":"1 minute"},"schema":{"@context":"https:\/\/schema.org","@graph":[{"@type":"WebPage","@id":"https:\/\/doadental.com\/en\/treatments\/sedation\/","url":"https:\/\/doadental.com\/en\/treatments\/sedation\/","name":"Sedation - DOA. Dental Clinic","isPartOf":{"@id":"https:\/\/doadental.com\/#website"},"primaryImageOfPage":{"@id":"https:\/\/doadental.com\/en\/treatments\/sedation\/#primaryimage"},"image":{"@id":"https:\/\/doadental.com\/en\/treatments\/sedation\/#primaryimage"},"thumbnailUrl":"https:\/\/doadental.com\/wp-content\/uploads\/2019\/02\/sedacion-1024x427.jpg","datePublished":"2017-09-20T09:54:48+00:00","dateModified":"2026-02-23T08:50:05+00:00","breadcrumb":{"@id":"https:\/\/doadental.com\/en\/treatments\/sedation\/#breadcrumb"},"inLanguage":"en-US","potentialAction":[{"@type":"ReadAction","target":["https:\/\/doadental.com\/en\/treatments\/sedation\/"]}]},{"@type":"ImageObject","inLanguage":"en-US","@id":"https:\/\/doadental.com\/en\/treatments\/sedation\/#primaryimage","url":"https:\/\/doadental.com\/wp-content\/uploads\/2019\/02\/sedacion-1024x427.jpg","contentUrl":"https:\/\/doadental.com\/wp-content\/uploads\/2019\/02\/sedacion-1024x427.jpg"},{"@type":"BreadcrumbList","@id":"https:\/\/doadental.com\/en\/treatments\/sedation\/#breadcrumb","itemListElement":[{"@type":"ListItem","position":1,"name":"Portada","item":"https:\/\/doadental.com\/en\/"},{"@type":"ListItem","position":2,"name":"Treatments","item":"https:\/\/doadental.com\/en\/treatments\/"},{"@type":"ListItem","position":3,"name":"Sedation"}]},{"@type":"WebSite","@id":"https:\/\/doadental.com\/#website","url":"https:\/\/doadental.com\/","name":"DOA. Dental Clinic","description":"DOA Dental Clinic, instituto odontol\u00f3gico","publisher":{"@id":"https:\/\/doadental.com\/#organization"},"potentialAction":[{"@type":"SearchAction","target":{"@type":"EntryPoint","urlTemplate":"https:\/\/doadental.com\/?s={search_term_string}"},"query-input":{"@type":"PropertyValueSpecification","valueRequired":true,"valueName":"search_term_string"}}],"inLanguage":"en-US"},{"@type":"Organization","@id":"https:\/\/doadental.com\/#organization","name":"Doa Dental Clinic","url":"https:\/\/doadental.com\/","logo":{"@type":"ImageObject","inLanguage":"en-US","@id":"https:\/\/doadental.com\/#\/schema\/logo\/image\/","url":"https:\/\/doadental.com\/wp-content\/uploads\/2018\/02\/logo-doa-dental-clinic.jpg","contentUrl":"https:\/\/doadental.com\/wp-content\/uploads\/2018\/02\/logo-doa-dental-clinic.jpg","width":435,"height":186,"caption":"Doa Dental Clinic"},"image":{"@id":"https:\/\/doadental.com\/#\/schema\/logo\/image\/"}}]}},"_links":{"self":[{"href":"https:\/\/doadental.com\/en\/wp-json\/wp\/v2\/pages\/885","targetHints":{"allow":["GET"]}}],"collection":[{"href":"https:\/\/doadental.com\/en\/wp-json\/wp\/v2\/pages"}],"about":[{"href":"https:\/\/doadental.com\/en\/wp-json\/wp\/v2\/types\/page"}],"author":[{"embeddable":true,"href":"https:\/\/doadental.com\/en\/wp-json\/wp\/v2\/users\/6"}],"replies":[{"embeddable":true,"href":"https:\/\/doadental.com\/en\/wp-json\/wp\/v2\/comments?post=885"}],"version-history":[{"count":4,"href":"https:\/\/doadental.com\/en\/wp-json\/wp\/v2\/pages\/885\/revisions"}],"predecessor-version":[{"id":15425,"href":"https:\/\/doadental.com\/en\/wp-json\/wp\/v2\/pages\/885\/revisions\/15425"}],"up":[{"embeddable":true,"href":"https:\/\/doadental.com\/en\/wp-json\/wp\/v2\/pages\/842"}],"wp:attachment":[{"href":"https:\/\/doadental.com\/en\/wp-json\/wp\/v2\/media?parent=885"}],"curies":[{"name":"wp","href":"https:\/\/api.w.org\/{rel}","templated":true}]}}