{"id":883,"date":"2017-09-20T09:54:13","date_gmt":"2017-09-20T09:54:13","guid":{"rendered":"https:\/\/doadental.com\/tratamientos\/endodoncia\/"},"modified":"2026-02-23T09:48:38","modified_gmt":"2026-02-23T08:48:38","slug":"endodontics","status":"publish","type":"page","link":"https:\/\/doadental.com\/en\/treatments\/endodontics\/","title":{"rendered":"Endodontics"},"content":{"rendered":"\t\t<div data-elementor-type=\"wp-page\" data-elementor-id=\"883\" class=\"elementor elementor-883 elementor-219\" data-elementor-post-type=\"page\">\n\t\t\t\t<div class=\"elementor-element elementor-element-05388d9 e-flex e-con-boxed e-con e-parent\" data-id=\"05388d9\" data-element_type=\"container\" data-e-type=\"container\" data-settings=\"{&quot;jet_parallax_layout_list&quot;:[]}\">\n\t\t\t\t\t<div class=\"e-con-inner\">\n\t\t<div class=\"elementor-element elementor-element-3e1e0f1 e-con-full e-flex e-con e-child\" data-id=\"3e1e0f1\" data-element_type=\"container\" data-e-type=\"container\" data-settings=\"{&quot;jet_parallax_layout_list&quot;:[]}\">\n\t\t\t\t<div class=\"elementor-element elementor-element-f5352f9 elementor-widget elementor-widget-text-editor\" data-id=\"f5352f9\" data-element_type=\"widget\" data-e-type=\"widget\" data-widget_type=\"text-editor.default\">\n\t\t\t\t\t\t\t\t\t<p>TREATMENTS<\/p>\t\t\t\t\t\t\t\t<\/div>\n\t\t\t\t<div class=\"elementor-element elementor-element-e12f745 elementor-widget elementor-widget-heading\" data-id=\"e12f745\" data-element_type=\"widget\" data-e-type=\"widget\" data-widget_type=\"heading.default\">\n\t\t\t\t\t<h2 class=\"elementor-heading-title elementor-size-default\">Endodontics<\/h2>\t\t\t\t<\/div>\n\t\t\t\t<div class=\"elementor-element elementor-element-fd5e41d elementor-widget elementor-widget-text-editor\" data-id=\"fd5e41d\" data-element_type=\"widget\" data-e-type=\"widget\" data-widget_type=\"text-editor.default\">\n\t\t\t\t\t\t\t\t\t<p><strong>Endodontics<\/strong> is a medical treatment performed when the patient has persistent pain in a tooth, which usually indicates that the nerve is damaged, inflamed, and has begun an infectious process.<\/p><p>During a root canal, the infected pulp tissue or nerve is removed, and the root canals of the tooth are cleaned so that everything is hermetically sealed by placing a biocompatible material inside.<\/p>\t\t\t\t\t\t\t\t<\/div>\n\t\t\t\t<\/div>\n\t\t<div class=\"elementor-element elementor-element-476f72b e-con-full e-flex e-con e-child\" data-id=\"476f72b\" data-element_type=\"container\" data-e-type=\"container\" data-settings=\"{&quot;jet_parallax_layout_list&quot;:[]}\">\n\t\t\t\t<div class=\"elementor-element elementor-element-90ecc25 elementor-widget elementor-widget-image\" data-id=\"90ecc25\" data-element_type=\"widget\" data-e-type=\"widget\" data-widget_type=\"image.default\">\n\t\t\t\t\t\t\t\t\t\t\t\t\t\t\t<img fetchpriority=\"high\" decoding=\"async\" width=\"800\" height=\"334\" src=\"https:\/\/doadental.com\/wp-content\/uploads\/2019\/02\/endodoncia-1024x427.jpg\" class=\"attachment-large size-large wp-image-994\" alt=\"\" srcset=\"https:\/\/doadental.com\/wp-content\/uploads\/2019\/02\/endodoncia-1024x427.jpg 1024w, https:\/\/doadental.com\/wp-content\/uploads\/2019\/02\/endodoncia-300x125.jpg 300w, https:\/\/doadental.com\/wp-content\/uploads\/2019\/02\/endodoncia-768x320.jpg 768w, https:\/\/doadental.com\/wp-content\/uploads\/2019\/02\/endodoncia.jpg 1200w\" sizes=\"(max-width: 800px) 100vw, 800px\" \/>\t\t\t\t\t\t\t\t\t\t\t\t\t\t\t<\/div>\n\t\t\t\t<\/div>\n\t\t\t\t\t<\/div>\n\t\t\t\t<\/div>\n\t\t<div class=\"elementor-element elementor-element-6e40c803 e-flex e-con-boxed e-con e-parent\" data-id=\"6e40c803\" data-element_type=\"container\" data-e-type=\"container\" data-settings=\"{&quot;jet_parallax_layout_list&quot;:[]}\">\n\t\t\t\t\t<div class=\"e-con-inner\">\n\t\t\t\t<div class=\"elementor-element elementor-element-4f443217 elementor-widget elementor-widget-text-editor\" data-id=\"4f443217\" data-element_type=\"widget\" data-e-type=\"widget\" data-widget_type=\"text-editor.default\">\n\t\t\t\t\t\t\t\t\t<h2>New digital techniques<\/h2><p>At our clinic, we use the latest rotary and digital techniques to perform root canal treatment with 100% accuracy, reducing the number of visits required by the patient.<\/p>\t\t\t\t\t\t\t\t<\/div>\n\t\t\t\t\t<\/div>\n\t\t\t\t<\/div>\n\t\t\t\t<\/div>\n\t\t","protected":false},"excerpt":{"rendered":"<p>La <strong>endodoncia <\/strong>es untratamiento m\u00e9dico que se realiza cuando el paciente tiene un dolor persistente en un diente, lo que suele indicar que el nervio se encuentra da\u00f1ado, est\u00e1 inflamado y ha comenzado un proceso infeccioso.<\/p>\n<p>Al realizar una endodoncia se elimina el tejido pulpar o nervio infectado, procedi\u00e9ndose a la limpieza de los conductos de la ra\u00edz del diente para que todo quede sellado de manera herm\u00e9tica, mediante la colocaci\u00f3 n de un un material en su interior .<\/p>\n<h2>Nuevas t\u00e9cnicas digitales<\/h2>\n<p>En la consulta disponemos de las <strong>nuevas t\u00e9cnicas rotatorias y digitales <\/strong>para realizar la endodoncia con una exactitud del 100% , y reduciendo el n\u00famero de visitas del paciente.<\/p>\n<p>&nbsp;<\/p>\n","protected":false},"author":6,"featured_media":0,"parent":842,"menu_order":0,"comment_status":"closed","ping_status":"closed","template":"","meta":{"_joinchat":[],"footnotes":""},"class_list":["post-883","page","type-page","status-publish","hentry"],"yoast_head":"<!-- This site is optimized with the Yoast SEO plugin v27.0 - https:\/\/yoast.com\/product\/yoast-seo-wordpress\/ -->\n<title>Endodontics - DOA. Dental Clinic<\/title>\n<meta name=\"robots\" content=\"index, follow, max-snippet:-1, max-image-preview:large, max-video-preview:-1\" \/>\n<link rel=\"canonical\" href=\"https:\/\/doadental.com\/en\/treatments\/endodontics\/\" \/>\n<meta property=\"og:locale\" content=\"en_US\" \/>\n<meta property=\"og:type\" content=\"article\" \/>\n<meta property=\"og:title\" content=\"Endodontics - DOA. Dental Clinic\" \/>\n<meta property=\"og:description\" content=\"La endodoncia es untratamiento m\u00e9dico que se realiza cuando el paciente tiene un dolor persistente en un diente, lo que suele indicar que el nervio se encuentra da\u00f1ado, est\u00e1 inflamado y ha comenzado un proceso infeccioso.  Al realizar una endodoncia se elimina el tejido pulpar o nervio infectado, procedi\u00e9ndose a la limpieza de los conductos de la ra\u00edz del diente para que todo quede sellado de manera herm\u00e9tica, mediante la colocaci\u00f3 n de un un material en su interior . Nuevas t\u00e9cnicas digitales En la consulta disponemos de las nuevas t\u00e9cnicas rotatorias y digitales para realizar la endodoncia con una exactitud del 100% , y reduciendo el n\u00famero de visitas del paciente.  &nbsp;\" \/>\n<meta property=\"og:url\" content=\"https:\/\/doadental.com\/en\/treatments\/endodontics\/\" \/>\n<meta property=\"og:site_name\" content=\"DOA. Dental Clinic\" \/>\n<meta property=\"article:modified_time\" content=\"2026-02-23T08:48:38+00:00\" \/>\n<meta property=\"og:image\" content=\"https:\/\/doadental.com\/wp-content\/uploads\/2019\/02\/endodoncia-1024x427.jpg\" \/>\n<meta name=\"twitter:card\" content=\"summary_large_image\" \/>\n<meta name=\"twitter:label1\" content=\"Est. reading time\" \/>\n\t<meta name=\"twitter:data1\" content=\"1 minute\" \/>\n<script type=\"application\/ld+json\" class=\"yoast-schema-graph\">{\"@context\":\"https:\/\/schema.org\",\"@graph\":[{\"@type\":\"WebPage\",\"@id\":\"https:\/\/doadental.com\/en\/treatments\/endodontics\/\",\"url\":\"https:\/\/doadental.com\/en\/treatments\/endodontics\/\",\"name\":\"Endodontics - DOA. Dental Clinic\",\"isPartOf\":{\"@id\":\"https:\/\/doadental.com\/#website\"},\"primaryImageOfPage\":{\"@id\":\"https:\/\/doadental.com\/en\/treatments\/endodontics\/#primaryimage\"},\"image\":{\"@id\":\"https:\/\/doadental.com\/en\/treatments\/endodontics\/#primaryimage\"},\"thumbnailUrl\":\"https:\/\/doadental.com\/wp-content\/uploads\/2019\/02\/endodoncia-1024x427.jpg\",\"datePublished\":\"2017-09-20T09:54:13+00:00\",\"dateModified\":\"2026-02-23T08:48:38+00:00\",\"breadcrumb\":{\"@id\":\"https:\/\/doadental.com\/en\/treatments\/endodontics\/#breadcrumb\"},\"inLanguage\":\"en-US\",\"potentialAction\":[{\"@type\":\"ReadAction\",\"target\":[\"https:\/\/doadental.com\/en\/treatments\/endodontics\/\"]}]},{\"@type\":\"ImageObject\",\"inLanguage\":\"en-US\",\"@id\":\"https:\/\/doadental.com\/en\/treatments\/endodontics\/#primaryimage\",\"url\":\"https:\/\/doadental.com\/wp-content\/uploads\/2019\/02\/endodoncia-1024x427.jpg\",\"contentUrl\":\"https:\/\/doadental.com\/wp-content\/uploads\/2019\/02\/endodoncia-1024x427.jpg\"},{\"@type\":\"BreadcrumbList\",\"@id\":\"https:\/\/doadental.com\/en\/treatments\/endodontics\/#breadcrumb\",\"itemListElement\":[{\"@type\":\"ListItem\",\"position\":1,\"name\":\"Portada\",\"item\":\"https:\/\/doadental.com\/en\/\"},{\"@type\":\"ListItem\",\"position\":2,\"name\":\"Treatments\",\"item\":\"https:\/\/doadental.com\/en\/treatments\/\"},{\"@type\":\"ListItem\",\"position\":3,\"name\":\"Endodontics\"}]},{\"@type\":\"WebSite\",\"@id\":\"https:\/\/doadental.com\/#website\",\"url\":\"https:\/\/doadental.com\/\",\"name\":\"DOA. Dental Clinic\",\"description\":\"DOA Dental Clinic, instituto odontol\u00f3gico\",\"publisher\":{\"@id\":\"https:\/\/doadental.com\/#organization\"},\"potentialAction\":[{\"@type\":\"SearchAction\",\"target\":{\"@type\":\"EntryPoint\",\"urlTemplate\":\"https:\/\/doadental.com\/?s={search_term_string}\"},\"query-input\":{\"@type\":\"PropertyValueSpecification\",\"valueRequired\":true,\"valueName\":\"search_term_string\"}}],\"inLanguage\":\"en-US\"},{\"@type\":\"Organization\",\"@id\":\"https:\/\/doadental.com\/#organization\",\"name\":\"Doa Dental Clinic\",\"url\":\"https:\/\/doadental.com\/\",\"logo\":{\"@type\":\"ImageObject\",\"inLanguage\":\"en-US\",\"@id\":\"https:\/\/doadental.com\/#\/schema\/logo\/image\/\",\"url\":\"https:\/\/doadental.com\/wp-content\/uploads\/2018\/02\/logo-doa-dental-clinic.jpg\",\"contentUrl\":\"https:\/\/doadental.com\/wp-content\/uploads\/2018\/02\/logo-doa-dental-clinic.jpg\",\"width\":435,\"height\":186,\"caption\":\"Doa Dental Clinic\"},\"image\":{\"@id\":\"https:\/\/doadental.com\/#\/schema\/logo\/image\/\"}}]}<\/script>\n<!-- \/ Yoast SEO plugin. -->","yoast_head_json":{"title":"Endodontics - DOA. Dental Clinic","robots":{"index":"index","follow":"follow","max-snippet":"max-snippet:-1","max-image-preview":"max-image-preview:large","max-video-preview":"max-video-preview:-1"},"canonical":"https:\/\/doadental.com\/en\/treatments\/endodontics\/","og_locale":"en_US","og_type":"article","og_title":"Endodontics - DOA. Dental Clinic","og_description":"La endodoncia es untratamiento m\u00e9dico que se realiza cuando el paciente tiene un dolor persistente en un diente, lo que suele indicar que el nervio se encuentra da\u00f1ado, est\u00e1 inflamado y ha comenzado un proceso infeccioso.  Al realizar una endodoncia se elimina el tejido pulpar o nervio infectado, procedi\u00e9ndose a la limpieza de los conductos de la ra\u00edz del diente para que todo quede sellado de manera herm\u00e9tica, mediante la colocaci\u00f3 n de un un material en su interior . Nuevas t\u00e9cnicas digitales En la consulta disponemos de las nuevas t\u00e9cnicas rotatorias y digitales para realizar la endodoncia con una exactitud del 100% , y reduciendo el n\u00famero de visitas del paciente.  &nbsp;","og_url":"https:\/\/doadental.com\/en\/treatments\/endodontics\/","og_site_name":"DOA. Dental Clinic","article_modified_time":"2026-02-23T08:48:38+00:00","og_image":[{"url":"https:\/\/doadental.com\/wp-content\/uploads\/2019\/02\/endodoncia-1024x427.jpg","type":"","width":"","height":""}],"twitter_card":"summary_large_image","twitter_misc":{"Est. reading time":"1 minute"},"schema":{"@context":"https:\/\/schema.org","@graph":[{"@type":"WebPage","@id":"https:\/\/doadental.com\/en\/treatments\/endodontics\/","url":"https:\/\/doadental.com\/en\/treatments\/endodontics\/","name":"Endodontics - DOA. Dental Clinic","isPartOf":{"@id":"https:\/\/doadental.com\/#website"},"primaryImageOfPage":{"@id":"https:\/\/doadental.com\/en\/treatments\/endodontics\/#primaryimage"},"image":{"@id":"https:\/\/doadental.com\/en\/treatments\/endodontics\/#primaryimage"},"thumbnailUrl":"https:\/\/doadental.com\/wp-content\/uploads\/2019\/02\/endodoncia-1024x427.jpg","datePublished":"2017-09-20T09:54:13+00:00","dateModified":"2026-02-23T08:48:38+00:00","breadcrumb":{"@id":"https:\/\/doadental.com\/en\/treatments\/endodontics\/#breadcrumb"},"inLanguage":"en-US","potentialAction":[{"@type":"ReadAction","target":["https:\/\/doadental.com\/en\/treatments\/endodontics\/"]}]},{"@type":"ImageObject","inLanguage":"en-US","@id":"https:\/\/doadental.com\/en\/treatments\/endodontics\/#primaryimage","url":"https:\/\/doadental.com\/wp-content\/uploads\/2019\/02\/endodoncia-1024x427.jpg","contentUrl":"https:\/\/doadental.com\/wp-content\/uploads\/2019\/02\/endodoncia-1024x427.jpg"},{"@type":"BreadcrumbList","@id":"https:\/\/doadental.com\/en\/treatments\/endodontics\/#breadcrumb","itemListElement":[{"@type":"ListItem","position":1,"name":"Portada","item":"https:\/\/doadental.com\/en\/"},{"@type":"ListItem","position":2,"name":"Treatments","item":"https:\/\/doadental.com\/en\/treatments\/"},{"@type":"ListItem","position":3,"name":"Endodontics"}]},{"@type":"WebSite","@id":"https:\/\/doadental.com\/#website","url":"https:\/\/doadental.com\/","name":"DOA. Dental Clinic","description":"DOA Dental Clinic, instituto odontol\u00f3gico","publisher":{"@id":"https:\/\/doadental.com\/#organization"},"potentialAction":[{"@type":"SearchAction","target":{"@type":"EntryPoint","urlTemplate":"https:\/\/doadental.com\/?s={search_term_string}"},"query-input":{"@type":"PropertyValueSpecification","valueRequired":true,"valueName":"search_term_string"}}],"inLanguage":"en-US"},{"@type":"Organization","@id":"https:\/\/doadental.com\/#organization","name":"Doa Dental Clinic","url":"https:\/\/doadental.com\/","logo":{"@type":"ImageObject","inLanguage":"en-US","@id":"https:\/\/doadental.com\/#\/schema\/logo\/image\/","url":"https:\/\/doadental.com\/wp-content\/uploads\/2018\/02\/logo-doa-dental-clinic.jpg","contentUrl":"https:\/\/doadental.com\/wp-content\/uploads\/2018\/02\/logo-doa-dental-clinic.jpg","width":435,"height":186,"caption":"Doa Dental Clinic"},"image":{"@id":"https:\/\/doadental.com\/#\/schema\/logo\/image\/"}}]}},"_links":{"self":[{"href":"https:\/\/doadental.com\/en\/wp-json\/wp\/v2\/pages\/883","targetHints":{"allow":["GET"]}}],"collection":[{"href":"https:\/\/doadental.com\/en\/wp-json\/wp\/v2\/pages"}],"about":[{"href":"https:\/\/doadental.com\/en\/wp-json\/wp\/v2\/types\/page"}],"author":[{"embeddable":true,"href":"https:\/\/doadental.com\/en\/wp-json\/wp\/v2\/users\/6"}],"replies":[{"embeddable":true,"href":"https:\/\/doadental.com\/en\/wp-json\/wp\/v2\/comments?post=883"}],"version-history":[{"count":4,"href":"https:\/\/doadental.com\/en\/wp-json\/wp\/v2\/pages\/883\/revisions"}],"predecessor-version":[{"id":15422,"href":"https:\/\/doadental.com\/en\/wp-json\/wp\/v2\/pages\/883\/revisions\/15422"}],"up":[{"embeddable":true,"href":"https:\/\/doadental.com\/en\/wp-json\/wp\/v2\/pages\/842"}],"wp:attachment":[{"href":"https:\/\/doadental.com\/en\/wp-json\/wp\/v2\/media?parent=883"}],"curies":[{"name":"wp","href":"https:\/\/api.w.org\/{rel}","templated":true}]}}