{"id":874,"date":"2017-06-19T09:16:26","date_gmt":"2017-06-19T09:16:26","guid":{"rendered":"https:\/\/doadental.com\/tratamientos\/kids\/"},"modified":"2026-02-23T09:32:30","modified_gmt":"2026-02-23T08:32:30","slug":"kids","status":"publish","type":"page","link":"https:\/\/doadental.com\/en\/treatments\/kids\/","title":{"rendered":"Kids"},"content":{"rendered":"\t\t<div data-elementor-type=\"wp-page\" data-elementor-id=\"874\" class=\"elementor elementor-874 elementor-46\" data-elementor-post-type=\"page\">\n\t\t\t\t<div class=\"elementor-element elementor-element-29a72bf e-flex e-con-boxed e-con e-parent\" data-id=\"29a72bf\" data-element_type=\"container\" data-e-type=\"container\" data-settings=\"{&quot;jet_parallax_layout_list&quot;:[]}\">\n\t\t\t\t\t<div class=\"e-con-inner\">\n\t\t<div class=\"elementor-element elementor-element-979a10a e-con-full e-flex e-con e-child\" data-id=\"979a10a\" data-element_type=\"container\" data-e-type=\"container\" data-settings=\"{&quot;jet_parallax_layout_list&quot;:[]}\">\n\t\t\t\t<div class=\"elementor-element elementor-element-e56034b elementor-widget elementor-widget-text-editor\" data-id=\"e56034b\" data-element_type=\"widget\" data-e-type=\"widget\" data-widget_type=\"text-editor.default\">\n\t\t\t\t\t\t\t\t\t<p>TREATMENTS<\/p>\t\t\t\t\t\t\t\t<\/div>\n\t\t\t\t<div class=\"elementor-element elementor-element-c8c4117 elementor-widget elementor-widget-heading\" data-id=\"c8c4117\" data-element_type=\"widget\" data-e-type=\"widget\" data-widget_type=\"heading.default\">\n\t\t\t\t\t<h2 class=\"elementor-heading-title elementor-size-default\">Kids<\/h2>\t\t\t\t<\/div>\n\t\t\t\t<div class=\"elementor-element elementor-element-8c10254 elementor-widget elementor-widget-text-editor\" data-id=\"8c10254\" data-element_type=\"widget\" data-e-type=\"widget\" data-widget_type=\"text-editor.default\">\n\t\t\t\t\t\t\t\t\t<p><strong>When baby teeth begin to appear, regular visits to the pediatrician and dentist are recommended, and during tooth replacement, they are essential. These visits should continue throughout childhood and adolescence.<\/strong><\/p><p>Taking your children to the orthodontist is as important as going to the eye doctor or pediatrician.<\/p><p>As parents, we are always mindful of getting them vaccinated, checking if they need glasses&#8230; And now we must also consider braces.<\/p>\t\t\t\t\t\t\t\t<\/div>\n\t\t\t\t<\/div>\n\t\t<div class=\"elementor-element elementor-element-caa9571 e-con-full e-flex e-con e-child\" data-id=\"caa9571\" data-element_type=\"container\" data-e-type=\"container\" data-settings=\"{&quot;jet_parallax_layout_list&quot;:[]}\">\n\t\t\t\t<div class=\"elementor-element elementor-element-1c0160b elementor-widget elementor-widget-image\" data-id=\"1c0160b\" data-element_type=\"widget\" data-e-type=\"widget\" data-widget_type=\"image.default\">\n\t\t\t\t\t\t\t\t\t\t\t\t\t\t\t<img fetchpriority=\"high\" decoding=\"async\" width=\"800\" height=\"334\" src=\"https:\/\/doadental.com\/wp-content\/uploads\/2019\/02\/kids-03-1024x427.jpg\" class=\"attachment-large size-large wp-image-990\" alt=\"\" srcset=\"https:\/\/doadental.com\/wp-content\/uploads\/2019\/02\/kids-03-1024x427.jpg 1024w, https:\/\/doadental.com\/wp-content\/uploads\/2019\/02\/kids-03-300x125.jpg 300w, https:\/\/doadental.com\/wp-content\/uploads\/2019\/02\/kids-03-768x320.jpg 768w, https:\/\/doadental.com\/wp-content\/uploads\/2019\/02\/kids-03.jpg 1200w\" sizes=\"(max-width: 800px) 100vw, 800px\" \/>\t\t\t\t\t\t\t\t\t\t\t\t\t\t\t<\/div>\n\t\t\t\t<\/div>\n\t\t\t\t\t<\/div>\n\t\t\t\t<\/div>\n\t\t<div class=\"elementor-element elementor-element-3384635 e-flex e-con-boxed e-con e-parent\" data-id=\"3384635\" data-element_type=\"container\" data-e-type=\"container\" data-settings=\"{&quot;background_background&quot;:&quot;classic&quot;,&quot;jet_parallax_layout_list&quot;:[]}\">\n\t\t\t\t\t<div class=\"e-con-inner\">\n\t\t\t\t<div class=\"elementor-element elementor-element-075c834 elementor-widget elementor-widget-text-editor\" data-id=\"075c834\" data-element_type=\"widget\" data-e-type=\"widget\" data-widget_type=\"text-editor.default\">\n\t\t\t\t\t\t\t\t\t<h2>Checkups from the age of 3 are essential<\/h2><p>At this age, the jaws are still forming, so if necessary, it would be much easier to correct any problems. Treatment would be like continuing the child&#8217;s normal growth. The first checkup is very important for all children, even those who appear to have a healthy mouth. Orthodontic problems are not always linked to aesthetic alterations detected by parents. Functional alterations and other problems that can affect our children&#8217;s health can only be diagnosed by an orthodontist. Visiting an orthodontist is recommended by the leading scientific societies in orthodontics: the www.braces.org and the SEDO (Spanish Society of Orthodontics).<\/p>\t\t\t\t\t\t\t\t<\/div>\n\t\t\t\t\t<\/div>\n\t\t\t\t<\/div>\n\t\t\t\t<\/div>\n\t\t","protected":false},"excerpt":{"rendered":"<p><img decoding=\"async\" class=\"alignnone size-full wp-image-265\" src=\"https:\/\/doadental.com\/wp-content\/uploads\/2017\/09\/kids-03.jpg\" alt=\"\" width=\"1200\" height=\"500\" srcset=\"https:\/\/doadental.com\/wp-content\/uploads\/2017\/09\/kids-03.jpg 1200w, https:\/\/doadental.com\/wp-content\/uploads\/2017\/09\/kids-03-300x125.jpg 300w, https:\/\/doadental.com\/wp-content\/uploads\/2017\/09\/kids-03-768x320.jpg 768w, https:\/\/doadental.com\/wp-content\/uploads\/2017\/09\/kids-03-1024x427.jpg 1024w\" sizes=\"(max-width: 1200px) 100vw, 1200px\" \/><\/p>\n<p>&nbsp;<\/p>\n<p><strong>Cuando comienzan a aparecer los dientes de leche las visitas peri\u00f3dicas al pediatra y al dentista son recomendables, y durante el recambio de los dientes, fundamental. Estas visitas deben mantenerse a lo largo de la infancia y la adolescencia.<\/strong><\/p>\n<p>Llevar a tus ni\u00f1os al ortodoncista es tan importante como acudir al oculista o al pediatra.<\/p>\n<p>Como padres, siempre estamos pendientes de ponerles las vacunas, de mirar si necesitan gafas\u2026 Y ahora tambi\u00e9n, debemos tener en cuenta los brackets. Realizar un diagn\u00f3stico completo antes de los 7 a\u00f1os es fundamental para saber si precisan o no de tratamiento. A esa edad los maxilares todav\u00eda se est\u00e1n formando por lo que, si hiciera falta, ser\u00eda mucho m\u00e1s f\u00e1cil corregir posibles problemas. El tratamiento ser\u00eda como continuar el crecimiento normal del ni\u00f1o. La primera revisi\u00f3n es muy importante para todos los ni\u00f1os, incluso para los que aparentemente tienen una boca sana. Los problemas ortod\u00f3ncicos no siempre van unidos a la alteraci\u00f3n est\u00e9tica, detectada por los padres. La alteraci\u00f3n funcional y otros problemas, que pueden condicionar la salud de nuestros hijos, s\u00f3lo pueden ser diagnosticados por el ortodoncista. Acudir al ortodoncista es una recomendaci\u00f3n de las principales sociedades cient\u00edficas de Ortodoncia: la Asociaci\u00f3n Americana de Ortodoncistas (www.braces.org) y la SEDO (Sociedad Espa\u00f1ola de Ortodoncia).<\/p>\n","protected":false},"author":6,"featured_media":0,"parent":842,"menu_order":0,"comment_status":"closed","ping_status":"closed","template":"","meta":{"_joinchat":[],"footnotes":""},"class_list":["post-874","page","type-page","status-publish","hentry"],"yoast_head":"<!-- This site is optimized with the Yoast SEO plugin v27.0 - https:\/\/yoast.com\/product\/yoast-seo-wordpress\/ -->\n<title>Kids - DOA. Dental Clinic<\/title>\n<meta name=\"robots\" content=\"index, follow, max-snippet:-1, max-image-preview:large, max-video-preview:-1\" \/>\n<link rel=\"canonical\" href=\"https:\/\/doadental.com\/en\/treatments\/kids\/\" \/>\n<meta property=\"og:locale\" content=\"en_US\" \/>\n<meta property=\"og:type\" content=\"article\" \/>\n<meta property=\"og:title\" content=\"Kids - DOA. Dental Clinic\" \/>\n<meta property=\"og:description\" content=\"&nbsp;  Cuando comienzan a aparecer los dientes de leche las visitas peri\u00f3dicas al pediatra y al dentista son recomendables, y durante el recambio de los dientes, fundamental. Estas visitas deben mantenerse a lo largo de la infancia y la adolescencia.  Llevar a tus ni\u00f1os al ortodoncista es tan importante como acudir al oculista o al pediatra.  Como padres, siempre estamos pendientes de ponerles las vacunas, de mirar si necesitan gafas\u2026 Y ahora tambi\u00e9n, debemos tener en cuenta los brackets. Realizar un diagn\u00f3stico completo antes de los 7 a\u00f1os es fundamental para saber si precisan o no de tratamiento. A esa edad los maxilares todav\u00eda se est\u00e1n formando por lo que, si hiciera falta, ser\u00eda mucho m\u00e1s f\u00e1cil corregir posibles problemas. El tratamiento ser\u00eda como continuar el crecimiento normal del ni\u00f1o. La primera revisi\u00f3n es muy importante para todos los ni\u00f1os, incluso para los que aparentemente tienen una boca sana. Los problemas ortod\u00f3ncicos no siempre van unidos a la alteraci\u00f3n est\u00e9tica, detectada por los padres. La alteraci\u00f3n funcional y otros problemas, que pueden condicionar la salud de nuestros hijos, s\u00f3lo pueden ser diagnosticados por el ortodoncista. Acudir al ortodoncista es una recomendaci\u00f3n de las principales sociedades cient\u00edficas de Ortodoncia: la Asociaci\u00f3n Americana de Ortodoncistas (www.braces.org) y la SEDO (Sociedad Espa\u00f1ola de Ortodoncia).\" \/>\n<meta property=\"og:url\" content=\"https:\/\/doadental.com\/en\/treatments\/kids\/\" \/>\n<meta property=\"og:site_name\" content=\"DOA. Dental Clinic\" \/>\n<meta property=\"article:modified_time\" content=\"2026-02-23T08:32:30+00:00\" \/>\n<meta property=\"og:image\" content=\"https:\/\/doadental.com\/wp-content\/uploads\/2019\/02\/kids-03-1024x427.jpg\" \/>\n<meta name=\"twitter:card\" content=\"summary_large_image\" \/>\n<meta name=\"twitter:label1\" content=\"Est. reading time\" \/>\n\t<meta name=\"twitter:data1\" content=\"1 minute\" \/>\n<script type=\"application\/ld+json\" class=\"yoast-schema-graph\">{\"@context\":\"https:\/\/schema.org\",\"@graph\":[{\"@type\":\"WebPage\",\"@id\":\"https:\/\/doadental.com\/en\/treatments\/kids\/\",\"url\":\"https:\/\/doadental.com\/en\/treatments\/kids\/\",\"name\":\"Kids - DOA. Dental Clinic\",\"isPartOf\":{\"@id\":\"https:\/\/doadental.com\/#website\"},\"primaryImageOfPage\":{\"@id\":\"https:\/\/doadental.com\/en\/treatments\/kids\/#primaryimage\"},\"image\":{\"@id\":\"https:\/\/doadental.com\/en\/treatments\/kids\/#primaryimage\"},\"thumbnailUrl\":\"https:\/\/doadental.com\/wp-content\/uploads\/2019\/02\/kids-03-1024x427.jpg\",\"datePublished\":\"2017-06-19T09:16:26+00:00\",\"dateModified\":\"2026-02-23T08:32:30+00:00\",\"breadcrumb\":{\"@id\":\"https:\/\/doadental.com\/en\/treatments\/kids\/#breadcrumb\"},\"inLanguage\":\"en-US\",\"potentialAction\":[{\"@type\":\"ReadAction\",\"target\":[\"https:\/\/doadental.com\/en\/treatments\/kids\/\"]}]},{\"@type\":\"ImageObject\",\"inLanguage\":\"en-US\",\"@id\":\"https:\/\/doadental.com\/en\/treatments\/kids\/#primaryimage\",\"url\":\"https:\/\/doadental.com\/wp-content\/uploads\/2019\/02\/kids-03-1024x427.jpg\",\"contentUrl\":\"https:\/\/doadental.com\/wp-content\/uploads\/2019\/02\/kids-03-1024x427.jpg\"},{\"@type\":\"BreadcrumbList\",\"@id\":\"https:\/\/doadental.com\/en\/treatments\/kids\/#breadcrumb\",\"itemListElement\":[{\"@type\":\"ListItem\",\"position\":1,\"name\":\"Portada\",\"item\":\"https:\/\/doadental.com\/en\/\"},{\"@type\":\"ListItem\",\"position\":2,\"name\":\"Treatments\",\"item\":\"https:\/\/doadental.com\/en\/treatments\/\"},{\"@type\":\"ListItem\",\"position\":3,\"name\":\"Kids\"}]},{\"@type\":\"WebSite\",\"@id\":\"https:\/\/doadental.com\/#website\",\"url\":\"https:\/\/doadental.com\/\",\"name\":\"DOA. Dental Clinic\",\"description\":\"DOA Dental Clinic, instituto odontol\u00f3gico\",\"publisher\":{\"@id\":\"https:\/\/doadental.com\/#organization\"},\"potentialAction\":[{\"@type\":\"SearchAction\",\"target\":{\"@type\":\"EntryPoint\",\"urlTemplate\":\"https:\/\/doadental.com\/?s={search_term_string}\"},\"query-input\":{\"@type\":\"PropertyValueSpecification\",\"valueRequired\":true,\"valueName\":\"search_term_string\"}}],\"inLanguage\":\"en-US\"},{\"@type\":\"Organization\",\"@id\":\"https:\/\/doadental.com\/#organization\",\"name\":\"Doa Dental Clinic\",\"url\":\"https:\/\/doadental.com\/\",\"logo\":{\"@type\":\"ImageObject\",\"inLanguage\":\"en-US\",\"@id\":\"https:\/\/doadental.com\/#\/schema\/logo\/image\/\",\"url\":\"https:\/\/doadental.com\/wp-content\/uploads\/2018\/02\/logo-doa-dental-clinic.jpg\",\"contentUrl\":\"https:\/\/doadental.com\/wp-content\/uploads\/2018\/02\/logo-doa-dental-clinic.jpg\",\"width\":435,\"height\":186,\"caption\":\"Doa Dental Clinic\"},\"image\":{\"@id\":\"https:\/\/doadental.com\/#\/schema\/logo\/image\/\"}}]}<\/script>\n<!-- \/ Yoast SEO plugin. -->","yoast_head_json":{"title":"Kids - DOA. Dental Clinic","robots":{"index":"index","follow":"follow","max-snippet":"max-snippet:-1","max-image-preview":"max-image-preview:large","max-video-preview":"max-video-preview:-1"},"canonical":"https:\/\/doadental.com\/en\/treatments\/kids\/","og_locale":"en_US","og_type":"article","og_title":"Kids - DOA. Dental Clinic","og_description":"&nbsp;  Cuando comienzan a aparecer los dientes de leche las visitas peri\u00f3dicas al pediatra y al dentista son recomendables, y durante el recambio de los dientes, fundamental. Estas visitas deben mantenerse a lo largo de la infancia y la adolescencia.  Llevar a tus ni\u00f1os al ortodoncista es tan importante como acudir al oculista o al pediatra.  Como padres, siempre estamos pendientes de ponerles las vacunas, de mirar si necesitan gafas\u2026 Y ahora tambi\u00e9n, debemos tener en cuenta los brackets. Realizar un diagn\u00f3stico completo antes de los 7 a\u00f1os es fundamental para saber si precisan o no de tratamiento. A esa edad los maxilares todav\u00eda se est\u00e1n formando por lo que, si hiciera falta, ser\u00eda mucho m\u00e1s f\u00e1cil corregir posibles problemas. El tratamiento ser\u00eda como continuar el crecimiento normal del ni\u00f1o. La primera revisi\u00f3n es muy importante para todos los ni\u00f1os, incluso para los que aparentemente tienen una boca sana. Los problemas ortod\u00f3ncicos no siempre van unidos a la alteraci\u00f3n est\u00e9tica, detectada por los padres. La alteraci\u00f3n funcional y otros problemas, que pueden condicionar la salud de nuestros hijos, s\u00f3lo pueden ser diagnosticados por el ortodoncista. Acudir al ortodoncista es una recomendaci\u00f3n de las principales sociedades cient\u00edficas de Ortodoncia: la Asociaci\u00f3n Americana de Ortodoncistas (www.braces.org) y la SEDO (Sociedad Espa\u00f1ola de Ortodoncia).","og_url":"https:\/\/doadental.com\/en\/treatments\/kids\/","og_site_name":"DOA. Dental Clinic","article_modified_time":"2026-02-23T08:32:30+00:00","og_image":[{"url":"https:\/\/doadental.com\/wp-content\/uploads\/2019\/02\/kids-03-1024x427.jpg","type":"","width":"","height":""}],"twitter_card":"summary_large_image","twitter_misc":{"Est. reading time":"1 minute"},"schema":{"@context":"https:\/\/schema.org","@graph":[{"@type":"WebPage","@id":"https:\/\/doadental.com\/en\/treatments\/kids\/","url":"https:\/\/doadental.com\/en\/treatments\/kids\/","name":"Kids - DOA. Dental Clinic","isPartOf":{"@id":"https:\/\/doadental.com\/#website"},"primaryImageOfPage":{"@id":"https:\/\/doadental.com\/en\/treatments\/kids\/#primaryimage"},"image":{"@id":"https:\/\/doadental.com\/en\/treatments\/kids\/#primaryimage"},"thumbnailUrl":"https:\/\/doadental.com\/wp-content\/uploads\/2019\/02\/kids-03-1024x427.jpg","datePublished":"2017-06-19T09:16:26+00:00","dateModified":"2026-02-23T08:32:30+00:00","breadcrumb":{"@id":"https:\/\/doadental.com\/en\/treatments\/kids\/#breadcrumb"},"inLanguage":"en-US","potentialAction":[{"@type":"ReadAction","target":["https:\/\/doadental.com\/en\/treatments\/kids\/"]}]},{"@type":"ImageObject","inLanguage":"en-US","@id":"https:\/\/doadental.com\/en\/treatments\/kids\/#primaryimage","url":"https:\/\/doadental.com\/wp-content\/uploads\/2019\/02\/kids-03-1024x427.jpg","contentUrl":"https:\/\/doadental.com\/wp-content\/uploads\/2019\/02\/kids-03-1024x427.jpg"},{"@type":"BreadcrumbList","@id":"https:\/\/doadental.com\/en\/treatments\/kids\/#breadcrumb","itemListElement":[{"@type":"ListItem","position":1,"name":"Portada","item":"https:\/\/doadental.com\/en\/"},{"@type":"ListItem","position":2,"name":"Treatments","item":"https:\/\/doadental.com\/en\/treatments\/"},{"@type":"ListItem","position":3,"name":"Kids"}]},{"@type":"WebSite","@id":"https:\/\/doadental.com\/#website","url":"https:\/\/doadental.com\/","name":"DOA. Dental Clinic","description":"DOA Dental Clinic, instituto odontol\u00f3gico","publisher":{"@id":"https:\/\/doadental.com\/#organization"},"potentialAction":[{"@type":"SearchAction","target":{"@type":"EntryPoint","urlTemplate":"https:\/\/doadental.com\/?s={search_term_string}"},"query-input":{"@type":"PropertyValueSpecification","valueRequired":true,"valueName":"search_term_string"}}],"inLanguage":"en-US"},{"@type":"Organization","@id":"https:\/\/doadental.com\/#organization","name":"Doa Dental Clinic","url":"https:\/\/doadental.com\/","logo":{"@type":"ImageObject","inLanguage":"en-US","@id":"https:\/\/doadental.com\/#\/schema\/logo\/image\/","url":"https:\/\/doadental.com\/wp-content\/uploads\/2018\/02\/logo-doa-dental-clinic.jpg","contentUrl":"https:\/\/doadental.com\/wp-content\/uploads\/2018\/02\/logo-doa-dental-clinic.jpg","width":435,"height":186,"caption":"Doa Dental Clinic"},"image":{"@id":"https:\/\/doadental.com\/#\/schema\/logo\/image\/"}}]}},"_links":{"self":[{"href":"https:\/\/doadental.com\/en\/wp-json\/wp\/v2\/pages\/874","targetHints":{"allow":["GET"]}}],"collection":[{"href":"https:\/\/doadental.com\/en\/wp-json\/wp\/v2\/pages"}],"about":[{"href":"https:\/\/doadental.com\/en\/wp-json\/wp\/v2\/types\/page"}],"author":[{"embeddable":true,"href":"https:\/\/doadental.com\/en\/wp-json\/wp\/v2\/users\/6"}],"replies":[{"embeddable":true,"href":"https:\/\/doadental.com\/en\/wp-json\/wp\/v2\/comments?post=874"}],"version-history":[{"count":8,"href":"https:\/\/doadental.com\/en\/wp-json\/wp\/v2\/pages\/874\/revisions"}],"predecessor-version":[{"id":15408,"href":"https:\/\/doadental.com\/en\/wp-json\/wp\/v2\/pages\/874\/revisions\/15408"}],"up":[{"embeddable":true,"href":"https:\/\/doadental.com\/en\/wp-json\/wp\/v2\/pages\/842"}],"wp:attachment":[{"href":"https:\/\/doadental.com\/en\/wp-json\/wp\/v2\/media?parent=874"}],"curies":[{"name":"wp","href":"https:\/\/api.w.org\/{rel}","templated":true}]}}