{"id":870,"date":"2017-06-19T09:16:00","date_gmt":"2017-06-19T09:16:00","guid":{"rendered":"https:\/\/doadental.com\/tratamientos\/implantes-2\/"},"modified":"2026-02-19T16:26:42","modified_gmt":"2026-02-19T15:26:42","slug":"implants","status":"publish","type":"page","link":"https:\/\/doadental.com\/en\/treatments\/implants\/","title":{"rendered":"Implants"},"content":{"rendered":"\t\t<div data-elementor-type=\"wp-page\" data-elementor-id=\"870\" class=\"elementor elementor-870 elementor-44\" data-elementor-post-type=\"page\">\n\t\t\t\t<div class=\"elementor-element elementor-element-b25aca4 e-flex e-con-boxed e-con e-parent\" data-id=\"b25aca4\" data-element_type=\"container\" data-e-type=\"container\" data-settings=\"{&quot;jet_parallax_layout_list&quot;:[],&quot;background_background&quot;:&quot;classic&quot;}\">\n\t\t\t\t\t<div class=\"e-con-inner\">\n\t\t<div class=\"elementor-element elementor-element-6e405ea e-con-full e-flex e-con e-child\" data-id=\"6e405ea\" data-element_type=\"container\" data-e-type=\"container\" data-settings=\"{&quot;jet_parallax_layout_list&quot;:[]}\">\n\t\t\t\t<div class=\"elementor-element elementor-element-5d4a3b0 elementor-widget elementor-widget-text-editor\" data-id=\"5d4a3b0\" data-element_type=\"widget\" data-e-type=\"widget\" data-widget_type=\"text-editor.default\">\n\t\t\t\t\t\t\t\t\t<p>TREATMENTS<\/p>\t\t\t\t\t\t\t\t<\/div>\n\t\t\t\t<div class=\"elementor-element elementor-element-3b1f4e1 elementor-widget elementor-widget-heading\" data-id=\"3b1f4e1\" data-element_type=\"widget\" data-e-type=\"widget\" data-widget_type=\"heading.default\">\n\t\t\t\t\t<h1 class=\"elementor-heading-title elementor-size-default\">Implants<\/h1>\t\t\t\t<\/div>\n\t\t\t\t<div class=\"elementor-element elementor-element-ad3d119 elementor-widget elementor-widget-text-editor\" data-id=\"ad3d119\" data-element_type=\"widget\" data-e-type=\"widget\" data-widget_type=\"text-editor.default\">\n\t\t\t\t\t\t\t\t\t<p>Replacing lost teeth, whether due to disease, blows, or trauma, is a common practice in our daily work. In fact, the technique has greatly streamlined and perfected our work in this area, allowing us to replace teeth permanently and in a single appointment without the need to wear down adjacent teeth, thanks to dental implants.<\/p><p>At DOA Dental Clinic, all dental prostheses are also designed by computer using the latest technology in the dental sector, which sets us apart from other clinics, as this allows us to achieve the highest precision and fit in our patients&#8217; mouths.<br \/>Before placing dental implants, we carry out a thorough clinical diagnosis, as well as a 3D radiological diagnosis to assess bone level and quality in order to determine the best technique for the implant and design the surgical splints.<\/p>\t\t\t\t\t\t\t\t<\/div>\n\t\t\t\t<\/div>\n\t\t<div class=\"elementor-element elementor-element-8453fc2 e-con-full e-flex e-con e-child\" data-id=\"8453fc2\" data-element_type=\"container\" data-e-type=\"container\" data-settings=\"{&quot;jet_parallax_layout_list&quot;:[]}\">\n\t\t\t\t<div class=\"elementor-element elementor-element-6e5ef08 elementor-widget elementor-widget-image\" data-id=\"6e5ef08\" data-element_type=\"widget\" data-e-type=\"widget\" data-widget_type=\"image.default\">\n\t\t\t\t\t\t\t\t\t\t\t\t\t\t\t<img fetchpriority=\"high\" decoding=\"async\" width=\"800\" height=\"334\" src=\"https:\/\/doadental.com\/wp-content\/uploads\/2019\/02\/implantes-03-1024x427.jpg\" class=\"attachment-large size-large wp-image-989\" alt=\"\" srcset=\"https:\/\/doadental.com\/wp-content\/uploads\/2019\/02\/implantes-03-1024x427.jpg 1024w, https:\/\/doadental.com\/wp-content\/uploads\/2019\/02\/implantes-03-300x125.jpg 300w, https:\/\/doadental.com\/wp-content\/uploads\/2019\/02\/implantes-03-768x320.jpg 768w, https:\/\/doadental.com\/wp-content\/uploads\/2019\/02\/implantes-03.jpg 1200w\" sizes=\"(max-width: 800px) 100vw, 800px\" \/>\t\t\t\t\t\t\t\t\t\t\t\t\t\t\t<\/div>\n\t\t\t\t<\/div>\n\t\t\t\t\t<\/div>\n\t\t\t\t<\/div>\n\t\t<div class=\"elementor-element elementor-element-b082ec1 e-flex e-con-boxed e-con e-parent\" data-id=\"b082ec1\" data-element_type=\"container\" data-e-type=\"container\" data-settings=\"{&quot;background_background&quot;:&quot;classic&quot;,&quot;jet_parallax_layout_list&quot;:[]}\">\n\t\t\t\t\t<div class=\"e-con-inner\">\n\t\t\t\t<div class=\"elementor-element elementor-element-a755873 elementor-widget elementor-widget-text-editor\" data-id=\"a755873\" data-element_type=\"widget\" data-e-type=\"widget\" data-widget_type=\"text-editor.default\">\n\t\t\t\t\t\t\t\t\t<h2>Same-day implants: immediate loading technique with CEREC CAD\/CAM. Tooth restoration in just one day.<\/h2><p>Tooth restoration in just one session thanks to new computer-guided technology and immediate carving of the prosthesis.<\/p><h3>Digital scanning, crown carving, and placement<\/h3><p>A 3D optical scanner can accurately copy the anatomy of all your teeth in just a few seconds, making mold-taking a thing of the past. During the same session\u2014and prior to tooth extraction\u2014we use an optical scanner to reproduce your tooth and gum. No mold-taking is necessary.<\/p><p>The diseased tooth is carefully extracted and, after a 3D radiology study, the implant is placed in the socket left by the extracted tooth. Using a new optical scan of the implant&#8217;s position, the software allows us to merge the image of the implant and the gums, maintaining the exact anatomy of the tissues. With all this information, we will design your temporary implant crown, which will be placed in the same session if the criteria for immediate loading are met.<\/p><p>In just one appointment, we will restore aesthetics and function.<\/p><p>After four months, the final crown will be placed without the need for molds, thanks to our CEREC\/CAM design.<\/p>\t\t\t\t\t\t\t\t<\/div>\n\t\t\t\t\t<\/div>\n\t\t\t\t<\/div>\n\t\t\t\t<\/div>\n\t\t","protected":false},"excerpt":{"rendered":"<p><img decoding=\"async\" class=\"alignnone size-full wp-image-264\" src=\"https:\/\/doadental.com\/wp-content\/uploads\/2017\/09\/implantes-03.jpg\" alt=\"\" width=\"1200\" height=\"500\" srcset=\"https:\/\/doadental.com\/wp-content\/uploads\/2017\/09\/implantes-03.jpg 1200w, https:\/\/doadental.com\/wp-content\/uploads\/2017\/09\/implantes-03-300x125.jpg 300w, https:\/\/doadental.com\/wp-content\/uploads\/2017\/09\/implantes-03-768x320.jpg 768w, https:\/\/doadental.com\/wp-content\/uploads\/2017\/09\/implantes-03-1024x427.jpg 1024w\" sizes=\"(max-width: 1200px) 100vw, 1200px\" \/><\/p>\n<p>&nbsp;<\/p>\n<p>La reposici\u00f3n de dientes perdidos, bien sea por enfermedad, golpes o traumatismos, es una pr\u00e1ctica habitual en nuestro d\u00eda a d\u00eda. De hecho, la t\u00e9cnica, ha agilizado y perfeccionado mucho nuestro trabajo en este \u00e1mbito, permiti\u00e9ndonos la reposici\u00f3n de piezas dentales de manera fija y en una sola cita sin necesidad de desgastar los dientes contiguos, gracias a los implantes dentales.<\/p>\n<p>En <strong>DOA Dental Clinic,<\/strong> todas las pr\u00f3tesis dentales son, adem\u00e1s, dise\u00f1adas por ordenador con las \u00faltimas tecnolog\u00eda del sector dental, lo que nos diferencia de la otras cl\u00ednicas, ya que as\u00ed podemos obtener la m\u00e1s alta precisi\u00f3n y ajuste en la boca de nuestros pacientes.<br \/>\nPara colocar los implantes dentales se realiza previamente un exhaustivo diagn\u00f3stico cl\u00ednico, as\u00ed como un diagn\u00f3stico radiol\u00f3gico en 3D viendo el nivel y calidad \u00f3sea para definir la mejor t\u00e9cnica para el implante, y poder realizar el dise\u00f1o de las f\u00e9rulas quir\u00fargicas.<\/p>\n","protected":false},"author":6,"featured_media":0,"parent":842,"menu_order":0,"comment_status":"closed","ping_status":"closed","template":"","meta":{"_joinchat":[],"footnotes":""},"class_list":["post-870","page","type-page","status-publish","hentry"],"yoast_head":"<!-- This site is optimized with the Yoast SEO plugin v27.0 - https:\/\/yoast.com\/product\/yoast-seo-wordpress\/ -->\n<title>Implants - DOA. Dental Clinic<\/title>\n<meta name=\"robots\" content=\"index, follow, max-snippet:-1, max-image-preview:large, max-video-preview:-1\" \/>\n<link rel=\"canonical\" href=\"https:\/\/doadental.com\/en\/treatments\/implants\/\" \/>\n<meta property=\"og:locale\" content=\"en_US\" \/>\n<meta property=\"og:type\" content=\"article\" \/>\n<meta property=\"og:title\" content=\"Implants - DOA. Dental Clinic\" \/>\n<meta property=\"og:description\" content=\"&nbsp;  La reposici\u00f3n de dientes perdidos, bien sea por enfermedad, golpes o traumatismos, es una pr\u00e1ctica habitual en nuestro d\u00eda a d\u00eda. De hecho, la t\u00e9cnica, ha agilizado y perfeccionado mucho nuestro trabajo en este \u00e1mbito, permiti\u00e9ndonos la reposici\u00f3n de piezas dentales de manera fija y en una sola cita sin necesidad de desgastar los dientes contiguos, gracias a los implantes dentales.  En DOA Dental Clinic, todas las pr\u00f3tesis dentales son, adem\u00e1s, dise\u00f1adas por ordenador con las \u00faltimas tecnolog\u00eda del sector dental, lo que nos diferencia de la otras cl\u00ednicas, ya que as\u00ed podemos obtener la m\u00e1s alta precisi\u00f3n y ajuste en la boca de nuestros pacientes. Para colocar los implantes dentales se realiza previamente un exhaustivo diagn\u00f3stico cl\u00ednico, as\u00ed como un diagn\u00f3stico radiol\u00f3gico en 3D viendo el nivel y calidad \u00f3sea para definir la mejor t\u00e9cnica para el implante, y poder realizar el dise\u00f1o de las f\u00e9rulas quir\u00fargicas.\" \/>\n<meta property=\"og:url\" content=\"https:\/\/doadental.com\/en\/treatments\/implants\/\" \/>\n<meta property=\"og:site_name\" content=\"DOA. Dental Clinic\" \/>\n<meta property=\"article:modified_time\" content=\"2026-02-19T15:26:42+00:00\" \/>\n<meta property=\"og:image\" content=\"https:\/\/doadental.com\/wp-content\/uploads\/2019\/02\/implantes-03-1024x427.jpg\" \/>\n<meta name=\"twitter:card\" content=\"summary_large_image\" \/>\n<meta name=\"twitter:label1\" content=\"Est. reading time\" \/>\n\t<meta name=\"twitter:data1\" content=\"2 minutes\" \/>\n<script type=\"application\/ld+json\" class=\"yoast-schema-graph\">{\"@context\":\"https:\/\/schema.org\",\"@graph\":[{\"@type\":\"WebPage\",\"@id\":\"https:\/\/doadental.com\/en\/treatments\/implants\/\",\"url\":\"https:\/\/doadental.com\/en\/treatments\/implants\/\",\"name\":\"Implants - DOA. Dental Clinic\",\"isPartOf\":{\"@id\":\"https:\/\/doadental.com\/#website\"},\"primaryImageOfPage\":{\"@id\":\"https:\/\/doadental.com\/en\/treatments\/implants\/#primaryimage\"},\"image\":{\"@id\":\"https:\/\/doadental.com\/en\/treatments\/implants\/#primaryimage\"},\"thumbnailUrl\":\"https:\/\/doadental.com\/wp-content\/uploads\/2019\/02\/implantes-03-1024x427.jpg\",\"datePublished\":\"2017-06-19T09:16:00+00:00\",\"dateModified\":\"2026-02-19T15:26:42+00:00\",\"breadcrumb\":{\"@id\":\"https:\/\/doadental.com\/en\/treatments\/implants\/#breadcrumb\"},\"inLanguage\":\"en-US\",\"potentialAction\":[{\"@type\":\"ReadAction\",\"target\":[\"https:\/\/doadental.com\/en\/treatments\/implants\/\"]}]},{\"@type\":\"ImageObject\",\"inLanguage\":\"en-US\",\"@id\":\"https:\/\/doadental.com\/en\/treatments\/implants\/#primaryimage\",\"url\":\"https:\/\/doadental.com\/wp-content\/uploads\/2019\/02\/implantes-03-1024x427.jpg\",\"contentUrl\":\"https:\/\/doadental.com\/wp-content\/uploads\/2019\/02\/implantes-03-1024x427.jpg\"},{\"@type\":\"BreadcrumbList\",\"@id\":\"https:\/\/doadental.com\/en\/treatments\/implants\/#breadcrumb\",\"itemListElement\":[{\"@type\":\"ListItem\",\"position\":1,\"name\":\"Portada\",\"item\":\"https:\/\/doadental.com\/en\/\"},{\"@type\":\"ListItem\",\"position\":2,\"name\":\"Treatments\",\"item\":\"https:\/\/doadental.com\/en\/treatments\/\"},{\"@type\":\"ListItem\",\"position\":3,\"name\":\"Implants\"}]},{\"@type\":\"WebSite\",\"@id\":\"https:\/\/doadental.com\/#website\",\"url\":\"https:\/\/doadental.com\/\",\"name\":\"DOA. Dental Clinic\",\"description\":\"DOA Dental Clinic, instituto odontol\u00f3gico\",\"publisher\":{\"@id\":\"https:\/\/doadental.com\/#organization\"},\"potentialAction\":[{\"@type\":\"SearchAction\",\"target\":{\"@type\":\"EntryPoint\",\"urlTemplate\":\"https:\/\/doadental.com\/?s={search_term_string}\"},\"query-input\":{\"@type\":\"PropertyValueSpecification\",\"valueRequired\":true,\"valueName\":\"search_term_string\"}}],\"inLanguage\":\"en-US\"},{\"@type\":\"Organization\",\"@id\":\"https:\/\/doadental.com\/#organization\",\"name\":\"Doa Dental Clinic\",\"url\":\"https:\/\/doadental.com\/\",\"logo\":{\"@type\":\"ImageObject\",\"inLanguage\":\"en-US\",\"@id\":\"https:\/\/doadental.com\/#\/schema\/logo\/image\/\",\"url\":\"https:\/\/doadental.com\/wp-content\/uploads\/2018\/02\/logo-doa-dental-clinic.jpg\",\"contentUrl\":\"https:\/\/doadental.com\/wp-content\/uploads\/2018\/02\/logo-doa-dental-clinic.jpg\",\"width\":435,\"height\":186,\"caption\":\"Doa Dental Clinic\"},\"image\":{\"@id\":\"https:\/\/doadental.com\/#\/schema\/logo\/image\/\"}}]}<\/script>\n<!-- \/ Yoast SEO plugin. -->","yoast_head_json":{"title":"Implants - DOA. Dental Clinic","robots":{"index":"index","follow":"follow","max-snippet":"max-snippet:-1","max-image-preview":"max-image-preview:large","max-video-preview":"max-video-preview:-1"},"canonical":"https:\/\/doadental.com\/en\/treatments\/implants\/","og_locale":"en_US","og_type":"article","og_title":"Implants - DOA. Dental Clinic","og_description":"&nbsp;  La reposici\u00f3n de dientes perdidos, bien sea por enfermedad, golpes o traumatismos, es una pr\u00e1ctica habitual en nuestro d\u00eda a d\u00eda. De hecho, la t\u00e9cnica, ha agilizado y perfeccionado mucho nuestro trabajo en este \u00e1mbito, permiti\u00e9ndonos la reposici\u00f3n de piezas dentales de manera fija y en una sola cita sin necesidad de desgastar los dientes contiguos, gracias a los implantes dentales.  En DOA Dental Clinic, todas las pr\u00f3tesis dentales son, adem\u00e1s, dise\u00f1adas por ordenador con las \u00faltimas tecnolog\u00eda del sector dental, lo que nos diferencia de la otras cl\u00ednicas, ya que as\u00ed podemos obtener la m\u00e1s alta precisi\u00f3n y ajuste en la boca de nuestros pacientes. Para colocar los implantes dentales se realiza previamente un exhaustivo diagn\u00f3stico cl\u00ednico, as\u00ed como un diagn\u00f3stico radiol\u00f3gico en 3D viendo el nivel y calidad \u00f3sea para definir la mejor t\u00e9cnica para el implante, y poder realizar el dise\u00f1o de las f\u00e9rulas quir\u00fargicas.","og_url":"https:\/\/doadental.com\/en\/treatments\/implants\/","og_site_name":"DOA. Dental Clinic","article_modified_time":"2026-02-19T15:26:42+00:00","og_image":[{"url":"https:\/\/doadental.com\/wp-content\/uploads\/2019\/02\/implantes-03-1024x427.jpg","type":"","width":"","height":""}],"twitter_card":"summary_large_image","twitter_misc":{"Est. reading time":"2 minutes"},"schema":{"@context":"https:\/\/schema.org","@graph":[{"@type":"WebPage","@id":"https:\/\/doadental.com\/en\/treatments\/implants\/","url":"https:\/\/doadental.com\/en\/treatments\/implants\/","name":"Implants - DOA. Dental Clinic","isPartOf":{"@id":"https:\/\/doadental.com\/#website"},"primaryImageOfPage":{"@id":"https:\/\/doadental.com\/en\/treatments\/implants\/#primaryimage"},"image":{"@id":"https:\/\/doadental.com\/en\/treatments\/implants\/#primaryimage"},"thumbnailUrl":"https:\/\/doadental.com\/wp-content\/uploads\/2019\/02\/implantes-03-1024x427.jpg","datePublished":"2017-06-19T09:16:00+00:00","dateModified":"2026-02-19T15:26:42+00:00","breadcrumb":{"@id":"https:\/\/doadental.com\/en\/treatments\/implants\/#breadcrumb"},"inLanguage":"en-US","potentialAction":[{"@type":"ReadAction","target":["https:\/\/doadental.com\/en\/treatments\/implants\/"]}]},{"@type":"ImageObject","inLanguage":"en-US","@id":"https:\/\/doadental.com\/en\/treatments\/implants\/#primaryimage","url":"https:\/\/doadental.com\/wp-content\/uploads\/2019\/02\/implantes-03-1024x427.jpg","contentUrl":"https:\/\/doadental.com\/wp-content\/uploads\/2019\/02\/implantes-03-1024x427.jpg"},{"@type":"BreadcrumbList","@id":"https:\/\/doadental.com\/en\/treatments\/implants\/#breadcrumb","itemListElement":[{"@type":"ListItem","position":1,"name":"Portada","item":"https:\/\/doadental.com\/en\/"},{"@type":"ListItem","position":2,"name":"Treatments","item":"https:\/\/doadental.com\/en\/treatments\/"},{"@type":"ListItem","position":3,"name":"Implants"}]},{"@type":"WebSite","@id":"https:\/\/doadental.com\/#website","url":"https:\/\/doadental.com\/","name":"DOA. Dental Clinic","description":"DOA Dental Clinic, instituto odontol\u00f3gico","publisher":{"@id":"https:\/\/doadental.com\/#organization"},"potentialAction":[{"@type":"SearchAction","target":{"@type":"EntryPoint","urlTemplate":"https:\/\/doadental.com\/?s={search_term_string}"},"query-input":{"@type":"PropertyValueSpecification","valueRequired":true,"valueName":"search_term_string"}}],"inLanguage":"en-US"},{"@type":"Organization","@id":"https:\/\/doadental.com\/#organization","name":"Doa Dental Clinic","url":"https:\/\/doadental.com\/","logo":{"@type":"ImageObject","inLanguage":"en-US","@id":"https:\/\/doadental.com\/#\/schema\/logo\/image\/","url":"https:\/\/doadental.com\/wp-content\/uploads\/2018\/02\/logo-doa-dental-clinic.jpg","contentUrl":"https:\/\/doadental.com\/wp-content\/uploads\/2018\/02\/logo-doa-dental-clinic.jpg","width":435,"height":186,"caption":"Doa Dental Clinic"},"image":{"@id":"https:\/\/doadental.com\/#\/schema\/logo\/image\/"}}]}},"_links":{"self":[{"href":"https:\/\/doadental.com\/en\/wp-json\/wp\/v2\/pages\/870","targetHints":{"allow":["GET"]}}],"collection":[{"href":"https:\/\/doadental.com\/en\/wp-json\/wp\/v2\/pages"}],"about":[{"href":"https:\/\/doadental.com\/en\/wp-json\/wp\/v2\/types\/page"}],"author":[{"embeddable":true,"href":"https:\/\/doadental.com\/en\/wp-json\/wp\/v2\/users\/6"}],"replies":[{"embeddable":true,"href":"https:\/\/doadental.com\/en\/wp-json\/wp\/v2\/comments?post=870"}],"version-history":[{"count":7,"href":"https:\/\/doadental.com\/en\/wp-json\/wp\/v2\/pages\/870\/revisions"}],"predecessor-version":[{"id":15343,"href":"https:\/\/doadental.com\/en\/wp-json\/wp\/v2\/pages\/870\/revisions\/15343"}],"up":[{"embeddable":true,"href":"https:\/\/doadental.com\/en\/wp-json\/wp\/v2\/pages\/842"}],"wp:attachment":[{"href":"https:\/\/doadental.com\/en\/wp-json\/wp\/v2\/media?parent=870"}],"curies":[{"name":"wp","href":"https:\/\/api.w.org\/{rel}","templated":true}]}}