{"id":868,"date":"2017-06-19T09:15:33","date_gmt":"2017-06-19T09:15:33","guid":{"rendered":"https:\/\/doadental.com\/tratamientos\/poi\/"},"modified":"2023-08-29T08:06:04","modified_gmt":"2023-08-29T06:06:04","slug":"poi","status":"publish","type":"page","link":"https:\/\/doadental.com\/en\/treatments\/poi\/","title":{"rendered":"POI"},"content":{"rendered":"\n\n\t\t\t<h5>TRATAMIENTOS<\/h5><h1>DOA FAMILY<\/h1>\t\t\t\n\t\t\t\t<p>Con nuestro\u00a0<strong>plan de prevenci\u00f3n oral integral\u00a0<\/strong>mantenemos durante toda la vida la salud bucal de nuestros pacientes. Llevamos un control semestral as\u00ed como un estudio completo de la ATM, radiogr\u00e1fico y periodontal, y archivamos de por vida el escaneado digital de tu boca. Siendo \u00e9ste tu DNI oral. En <strong>DOA FAMILY<\/strong>\u00a0educamos en salud bucodental a ni\u00f1os, j\u00f3venes, adultos&#8230;,\u00a0\u00a0 con\u00a0\u00a0 los\u00a0\u00a0 h\u00e1bitos de higiene, alimenticios hasta la conservaci\u00f3n de las pr\u00f3tesis.<\/p>\n\t\t\t\t<img fetchpriority=\"high\" decoding=\"async\" src=\"https:\/\/doadental.com\/wp-content\/uploads\/2019\/02\/poi-03.jpg\" alt=\"poi-03\" itemprop=\"image\" height=\"500\" width=\"1200\" title=\"poi-03\" onerror=\"this.style.display='none'\"  \/>\n\t\t\t<a href=\"https:\/\/doadental.com\/tratamientos\/\" target=\"_self\" role=\"button\" aria-label=\"VOLVER A TRATAMIENTOS\" rel=\"noopener\">\n\t\t\t\t\t\t\t\t\t\t\tVOLVER A TRATAMIENTOS\n\t\t<\/a>\n\t\t\t<h2>CONTACT US<\/h2>\t\t\t\n\t\t\t\t<p>To get in touch with us, you can call us, send us an email, or visit us in person at our clinic.\u00a0<\/p>\n<p>Here are our contact details:<\/p>\n<p>Phone: +34 91 326 91 99<\/p>\n<p>Email: info@doadentalclinic.com<\/p>\n<p>Address: Calle Alcal\u00e1, 199, Madrid, Spain<\/p>\n<p>We are available to answer any questions or inquiries you may have.\u00a0<\/p>\n<p>We look forward to seeing you soon at DOA Dental Clinic!<\/p>\n\u00a0\n\t\t\t<a href=\"https:\/\/doadental.com\/contacta\/\" target=\"_self\" role=\"button\" aria-label=\"CONTACT US\" rel=\"noopener\">\n\t\t\t\t\t\t\tCONTACT US\n\t\t<\/a>\n\n","protected":false},"excerpt":{"rendered":"<p><img decoding=\"async\" class=\"alignnone size-full wp-image-268\" src=\"https:\/\/doadental.com\/wp-content\/uploads\/2017\/09\/poi-03.jpg\" alt=\"\" width=\"1200\" height=\"500\" srcset=\"https:\/\/doadental.com\/wp-content\/uploads\/2017\/09\/poi-03.jpg 1200w, https:\/\/doadental.com\/wp-content\/uploads\/2017\/09\/poi-03-300x125.jpg 300w, https:\/\/doadental.com\/wp-content\/uploads\/2017\/09\/poi-03-768x320.jpg 768w, https:\/\/doadental.com\/wp-content\/uploads\/2017\/09\/poi-03-1024x427.jpg 1024w\" sizes=\"(max-width: 1200px) 100vw, 1200px\" \/><\/p>\n<p>&nbsp;<\/p>\n<p>Con nuestro <strong>plan de prevenci\u00f3n oral integral <\/strong>mantenemos durante toda la vida la salud bucal de nuestros pacientes. Llevamos un control semestral as\u00ed como un estudio completo de la ATM, radiogr\u00e1fico y periodontal, y archivamos de por vida el escaneado digital de tu boca. Siendo \u00e9ste tu DNI oral. En <strong>POI<\/strong> educamos en salud bucodental a ni\u00f1os, j\u00f3venes, adultos&#8230;,\u00a0\u00a0 con\u00a0\u00a0 los\u00a0\u00a0 h\u00e1bitos de higiene, alimenticios hasta la conservaci\u00f3n de las pr\u00f3tesis.<\/p>\n","protected":false},"author":6,"featured_media":0,"parent":842,"menu_order":0,"comment_status":"closed","ping_status":"closed","template":"","meta":{"_joinchat":[],"footnotes":""},"class_list":["post-868","page","type-page","status-publish","hentry"],"yoast_head":"<!-- This site is optimized with the Yoast SEO plugin v27.0 - https:\/\/yoast.com\/product\/yoast-seo-wordpress\/ -->\n<title>POI - DOA. Dental Clinic<\/title>\n<meta name=\"robots\" content=\"index, follow, max-snippet:-1, max-image-preview:large, max-video-preview:-1\" \/>\n<link rel=\"canonical\" href=\"https:\/\/doadental.com\/tratamientos\/doa-family\/\" \/>\n<meta property=\"og:locale\" content=\"en_US\" \/>\n<meta property=\"og:type\" content=\"article\" \/>\n<meta property=\"og:title\" content=\"POI - DOA. Dental Clinic\" \/>\n<meta property=\"og:description\" content=\"&nbsp;  Con nuestro plan de prevenci\u00f3n oral integral mantenemos durante toda la vida la salud bucal de nuestros pacientes. Llevamos un control semestral as\u00ed como un estudio completo de la ATM, radiogr\u00e1fico y periodontal, y archivamos de por vida el escaneado digital de tu boca. Siendo \u00e9ste tu DNI oral. En POI educamos en salud bucodental a ni\u00f1os, j\u00f3venes, adultos...,\u00a0\u00a0 con\u00a0\u00a0 los\u00a0\u00a0 h\u00e1bitos de higiene, alimenticios hasta la conservaci\u00f3n de las pr\u00f3tesis.\" \/>\n<meta property=\"og:url\" content=\"https:\/\/doadental.com\/tratamientos\/doa-family\/\" \/>\n<meta property=\"og:site_name\" content=\"DOA. Dental Clinic\" \/>\n<meta property=\"article:modified_time\" content=\"2023-08-29T06:06:04+00:00\" \/>\n<meta property=\"og:image\" content=\"https:\/\/doadental.com\/wp-content\/uploads\/2019\/02\/poi-03.jpg\" \/>\n<meta name=\"twitter:card\" content=\"summary_large_image\" \/>\n<meta name=\"twitter:label1\" content=\"Est. reading time\" \/>\n\t<meta name=\"twitter:data1\" content=\"1 minute\" \/>\n<script type=\"application\/ld+json\" class=\"yoast-schema-graph\">{\"@context\":\"https:\/\/schema.org\",\"@graph\":[{\"@type\":\"WebPage\",\"@id\":\"https:\/\/doadental.com\/tratamientos\/doa-family\/\",\"url\":\"https:\/\/doadental.com\/tratamientos\/doa-family\/\",\"name\":\"POI - DOA. Dental Clinic\",\"isPartOf\":{\"@id\":\"https:\/\/doadental.com\/#website\"},\"primaryImageOfPage\":{\"@id\":\"https:\/\/doadental.com\/tratamientos\/doa-family\/#primaryimage\"},\"image\":{\"@id\":\"https:\/\/doadental.com\/tratamientos\/doa-family\/#primaryimage\"},\"thumbnailUrl\":\"https:\/\/doadental.com\/wp-content\/uploads\/2019\/02\/poi-03.jpg\",\"datePublished\":\"2017-06-19T09:15:33+00:00\",\"dateModified\":\"2023-08-29T06:06:04+00:00\",\"breadcrumb\":{\"@id\":\"https:\/\/doadental.com\/tratamientos\/doa-family\/#breadcrumb\"},\"inLanguage\":\"en-US\",\"potentialAction\":[{\"@type\":\"ReadAction\",\"target\":[\"https:\/\/doadental.com\/tratamientos\/doa-family\/\"]}]},{\"@type\":\"ImageObject\",\"inLanguage\":\"en-US\",\"@id\":\"https:\/\/doadental.com\/tratamientos\/doa-family\/#primaryimage\",\"url\":\"https:\/\/doadental.com\/wp-content\/uploads\/2019\/02\/poi-03.jpg\",\"contentUrl\":\"https:\/\/doadental.com\/wp-content\/uploads\/2019\/02\/poi-03.jpg\"},{\"@type\":\"BreadcrumbList\",\"@id\":\"https:\/\/doadental.com\/tratamientos\/doa-family\/#breadcrumb\",\"itemListElement\":[{\"@type\":\"ListItem\",\"position\":1,\"name\":\"Portada\",\"item\":\"https:\/\/doadental.com\/en\/\"},{\"@type\":\"ListItem\",\"position\":2,\"name\":\"Treatments\",\"item\":\"https:\/\/doadental.com\/en\/treatments\/\"},{\"@type\":\"ListItem\",\"position\":3,\"name\":\"POI\"}]},{\"@type\":\"WebSite\",\"@id\":\"https:\/\/doadental.com\/#website\",\"url\":\"https:\/\/doadental.com\/\",\"name\":\"DOA. Dental Clinic\",\"description\":\"DOA Dental Clinic, instituto odontol\u00f3gico\",\"publisher\":{\"@id\":\"https:\/\/doadental.com\/#organization\"},\"potentialAction\":[{\"@type\":\"SearchAction\",\"target\":{\"@type\":\"EntryPoint\",\"urlTemplate\":\"https:\/\/doadental.com\/?s={search_term_string}\"},\"query-input\":{\"@type\":\"PropertyValueSpecification\",\"valueRequired\":true,\"valueName\":\"search_term_string\"}}],\"inLanguage\":\"en-US\"},{\"@type\":\"Organization\",\"@id\":\"https:\/\/doadental.com\/#organization\",\"name\":\"Doa Dental Clinic\",\"url\":\"https:\/\/doadental.com\/\",\"logo\":{\"@type\":\"ImageObject\",\"inLanguage\":\"en-US\",\"@id\":\"https:\/\/doadental.com\/#\/schema\/logo\/image\/\",\"url\":\"https:\/\/doadental.com\/wp-content\/uploads\/2018\/02\/logo-doa-dental-clinic.jpg\",\"contentUrl\":\"https:\/\/doadental.com\/wp-content\/uploads\/2018\/02\/logo-doa-dental-clinic.jpg\",\"width\":435,\"height\":186,\"caption\":\"Doa Dental Clinic\"},\"image\":{\"@id\":\"https:\/\/doadental.com\/#\/schema\/logo\/image\/\"}}]}<\/script>\n<!-- \/ Yoast SEO plugin. -->","yoast_head_json":{"title":"POI - DOA. Dental Clinic","robots":{"index":"index","follow":"follow","max-snippet":"max-snippet:-1","max-image-preview":"max-image-preview:large","max-video-preview":"max-video-preview:-1"},"canonical":"https:\/\/doadental.com\/tratamientos\/doa-family\/","og_locale":"en_US","og_type":"article","og_title":"POI - DOA. Dental Clinic","og_description":"&nbsp;  Con nuestro plan de prevenci\u00f3n oral integral mantenemos durante toda la vida la salud bucal de nuestros pacientes. Llevamos un control semestral as\u00ed como un estudio completo de la ATM, radiogr\u00e1fico y periodontal, y archivamos de por vida el escaneado digital de tu boca. Siendo \u00e9ste tu DNI oral. En POI educamos en salud bucodental a ni\u00f1os, j\u00f3venes, adultos...,\u00a0\u00a0 con\u00a0\u00a0 los\u00a0\u00a0 h\u00e1bitos de higiene, alimenticios hasta la conservaci\u00f3n de las pr\u00f3tesis.","og_url":"https:\/\/doadental.com\/tratamientos\/doa-family\/","og_site_name":"DOA. Dental Clinic","article_modified_time":"2023-08-29T06:06:04+00:00","og_image":[{"url":"https:\/\/doadental.com\/wp-content\/uploads\/2019\/02\/poi-03.jpg","type":"","width":"","height":""}],"twitter_card":"summary_large_image","twitter_misc":{"Est. reading time":"1 minute"},"schema":{"@context":"https:\/\/schema.org","@graph":[{"@type":"WebPage","@id":"https:\/\/doadental.com\/tratamientos\/doa-family\/","url":"https:\/\/doadental.com\/tratamientos\/doa-family\/","name":"POI - DOA. Dental Clinic","isPartOf":{"@id":"https:\/\/doadental.com\/#website"},"primaryImageOfPage":{"@id":"https:\/\/doadental.com\/tratamientos\/doa-family\/#primaryimage"},"image":{"@id":"https:\/\/doadental.com\/tratamientos\/doa-family\/#primaryimage"},"thumbnailUrl":"https:\/\/doadental.com\/wp-content\/uploads\/2019\/02\/poi-03.jpg","datePublished":"2017-06-19T09:15:33+00:00","dateModified":"2023-08-29T06:06:04+00:00","breadcrumb":{"@id":"https:\/\/doadental.com\/tratamientos\/doa-family\/#breadcrumb"},"inLanguage":"en-US","potentialAction":[{"@type":"ReadAction","target":["https:\/\/doadental.com\/tratamientos\/doa-family\/"]}]},{"@type":"ImageObject","inLanguage":"en-US","@id":"https:\/\/doadental.com\/tratamientos\/doa-family\/#primaryimage","url":"https:\/\/doadental.com\/wp-content\/uploads\/2019\/02\/poi-03.jpg","contentUrl":"https:\/\/doadental.com\/wp-content\/uploads\/2019\/02\/poi-03.jpg"},{"@type":"BreadcrumbList","@id":"https:\/\/doadental.com\/tratamientos\/doa-family\/#breadcrumb","itemListElement":[{"@type":"ListItem","position":1,"name":"Portada","item":"https:\/\/doadental.com\/en\/"},{"@type":"ListItem","position":2,"name":"Treatments","item":"https:\/\/doadental.com\/en\/treatments\/"},{"@type":"ListItem","position":3,"name":"POI"}]},{"@type":"WebSite","@id":"https:\/\/doadental.com\/#website","url":"https:\/\/doadental.com\/","name":"DOA. Dental Clinic","description":"DOA Dental Clinic, instituto odontol\u00f3gico","publisher":{"@id":"https:\/\/doadental.com\/#organization"},"potentialAction":[{"@type":"SearchAction","target":{"@type":"EntryPoint","urlTemplate":"https:\/\/doadental.com\/?s={search_term_string}"},"query-input":{"@type":"PropertyValueSpecification","valueRequired":true,"valueName":"search_term_string"}}],"inLanguage":"en-US"},{"@type":"Organization","@id":"https:\/\/doadental.com\/#organization","name":"Doa Dental Clinic","url":"https:\/\/doadental.com\/","logo":{"@type":"ImageObject","inLanguage":"en-US","@id":"https:\/\/doadental.com\/#\/schema\/logo\/image\/","url":"https:\/\/doadental.com\/wp-content\/uploads\/2018\/02\/logo-doa-dental-clinic.jpg","contentUrl":"https:\/\/doadental.com\/wp-content\/uploads\/2018\/02\/logo-doa-dental-clinic.jpg","width":435,"height":186,"caption":"Doa Dental Clinic"},"image":{"@id":"https:\/\/doadental.com\/#\/schema\/logo\/image\/"}}]}},"_links":{"self":[{"href":"https:\/\/doadental.com\/en\/wp-json\/wp\/v2\/pages\/868","targetHints":{"allow":["GET"]}}],"collection":[{"href":"https:\/\/doadental.com\/en\/wp-json\/wp\/v2\/pages"}],"about":[{"href":"https:\/\/doadental.com\/en\/wp-json\/wp\/v2\/types\/page"}],"author":[{"embeddable":true,"href":"https:\/\/doadental.com\/en\/wp-json\/wp\/v2\/users\/6"}],"replies":[{"embeddable":true,"href":"https:\/\/doadental.com\/en\/wp-json\/wp\/v2\/comments?post=868"}],"version-history":[{"count":1,"href":"https:\/\/doadental.com\/en\/wp-json\/wp\/v2\/pages\/868\/revisions"}],"predecessor-version":[{"id":8823,"href":"https:\/\/doadental.com\/en\/wp-json\/wp\/v2\/pages\/868\/revisions\/8823"}],"up":[{"embeddable":true,"href":"https:\/\/doadental.com\/en\/wp-json\/wp\/v2\/pages\/842"}],"wp:attachment":[{"href":"https:\/\/doadental.com\/en\/wp-json\/wp\/v2\/media?parent=868"}],"curies":[{"name":"wp","href":"https:\/\/api.w.org\/{rel}","templated":true}]}}