{"id":855,"date":"2017-06-19T09:14:57","date_gmt":"2017-06-19T09:14:57","guid":{"rendered":"https:\/\/doadental.com\/tratamientos\/restauracion\/"},"modified":"2026-02-19T15:59:28","modified_gmt":"2026-02-19T14:59:28","slug":"restoration","status":"publish","type":"page","link":"https:\/\/doadental.com\/en\/treatments\/restoration\/","title":{"rendered":"RESTORATION"},"content":{"rendered":"\t\t<div data-elementor-type=\"wp-page\" data-elementor-id=\"855\" class=\"elementor elementor-855 elementor-40\" data-elementor-post-type=\"page\">\n\t\t\t\t<div class=\"elementor-element elementor-element-58065c3 e-flex e-con-boxed e-con e-parent\" data-id=\"58065c3\" data-element_type=\"container\" data-e-type=\"container\" data-settings=\"{&quot;jet_parallax_layout_list&quot;:[],&quot;background_background&quot;:&quot;classic&quot;}\">\n\t\t\t\t\t<div class=\"e-con-inner\">\n\t\t<div class=\"elementor-element elementor-element-9f78f4c e-con-full e-flex e-con e-child\" data-id=\"9f78f4c\" data-element_type=\"container\" data-e-type=\"container\" data-settings=\"{&quot;jet_parallax_layout_list&quot;:[]}\">\n\t\t\t\t<div class=\"elementor-element elementor-element-ad68913 elementor-widget elementor-widget-text-editor\" data-id=\"ad68913\" data-element_type=\"widget\" data-e-type=\"widget\" data-widget_type=\"text-editor.default\">\n\t\t\t\t\t\t\t\t\t<p>TREATMENTS<\/p>\t\t\t\t\t\t\t\t<\/div>\n\t\t\t\t<div class=\"elementor-element elementor-element-54481e7 elementor-widget elementor-widget-heading\" data-id=\"54481e7\" data-element_type=\"widget\" data-e-type=\"widget\" data-widget_type=\"heading.default\">\n\t\t\t\t\t<h1 class=\"elementor-heading-title elementor-size-default\">Restoration<\/h1>\t\t\t\t<\/div>\n\t\t\t\t<div class=\"elementor-element elementor-element-c7939a3 elementor-widget elementor-widget-text-editor\" data-id=\"c7939a3\" data-element_type=\"widget\" data-e-type=\"widget\" data-widget_type=\"text-editor.default\">\n\t\t\t\t\t\t\t\t\t<p>We often find that our patients come to the clinic because of <strong>the partial loss of a tooth, either due to fractures or cavities.<\/strong><\/p><p>At DOA Dental Clinic, we perform tooth restorations (onlays), moving away from traditional conservative dentistry.<\/p><p>In fact, we rely on new digital technologies, with oral scanning and working with CAD\/CAM systems, we can restore damaged teeth in a single appointment while preserving most of the remaining tooth.<\/p><p><strong>Less invasive, faster, more comfortable, and more efficient procedures.<\/strong><\/p>\t\t\t\t\t\t\t\t<\/div>\n\t\t\t\t<\/div>\n\t\t<div class=\"elementor-element elementor-element-555f8d4 e-con-full e-flex e-con e-child\" data-id=\"555f8d4\" data-element_type=\"container\" data-e-type=\"container\" data-settings=\"{&quot;jet_parallax_layout_list&quot;:[]}\">\n\t\t\t\t<div class=\"elementor-element elementor-element-a107e79 elementor-widget elementor-widget-image\" data-id=\"a107e79\" data-element_type=\"widget\" data-e-type=\"widget\" data-widget_type=\"image.default\">\n\t\t\t\t\t\t\t\t\t\t\t\t\t\t\t<img fetchpriority=\"high\" decoding=\"async\" width=\"800\" height=\"488\" src=\"https:\/\/doadental.com\/wp-content\/uploads\/2017\/09\/restauracion-02-1024x624.jpg\" class=\"attachment-large size-large wp-image-260\" alt=\"\" srcset=\"https:\/\/doadental.com\/wp-content\/uploads\/2017\/09\/restauracion-02-1024x624.jpg 1024w, https:\/\/doadental.com\/wp-content\/uploads\/2017\/09\/restauracion-02-300x183.jpg 300w, https:\/\/doadental.com\/wp-content\/uploads\/2017\/09\/restauracion-02-768x468.jpg 768w, https:\/\/doadental.com\/wp-content\/uploads\/2017\/09\/restauracion-02.jpg 1200w\" sizes=\"(max-width: 800px) 100vw, 800px\" \/>\t\t\t\t\t\t\t\t\t\t\t\t\t\t\t<\/div>\n\t\t\t\t<\/div>\n\t\t\t\t\t<\/div>\n\t\t\t\t<\/div>\n\t\t<div class=\"elementor-element elementor-element-c7cd765 e-flex e-con-boxed e-con e-parent\" data-id=\"c7cd765\" data-element_type=\"container\" data-e-type=\"container\" data-settings=\"{&quot;background_background&quot;:&quot;classic&quot;,&quot;jet_parallax_layout_list&quot;:[]}\">\n\t\t\t\t\t<div class=\"e-con-inner\">\n\t\t\t\t<div class=\"elementor-element elementor-element-c66202c elementor-widget elementor-widget-text-editor\" data-id=\"c66202c\" data-element_type=\"widget\" data-e-type=\"widget\" data-widget_type=\"text-editor.default\">\n\t\t\t\t\t\t\t\t\t<h2>Teeth in a day with CEREC CAD\/CAM<\/h2><p>Always at the forefront of technology, at DOA Dental Clinic, we use the CEREC CAD\/CAM system.<\/p><p>This is the most advanced system in the world, offering patients a completely new experience: a giant leap towards the dentistry of the future.<\/p><p>The CEREC solution can be summarized in four simple steps, carried out on site and in a single session.<\/p><h3>1. Digital scanning<\/h3><p>A 3D optical scanner can accurately copy the anatomy of all your teeth in just a few seconds, making impressions a thing of the past.<\/p><h3>2. Prosthesis design<\/h3><p>Using amazing state-of-the-art software, patients can see the design of their prosthesis (crown on tooth or implant, aesthetic veneer, or inlay). Patients can see what their prosthesis will look like in real time.<\/p><h3>3. Carving the prosthesis<\/h3><p>A high-precision 3D carver manufactures the prosthesis from the chosen material in a process that takes less than 10 minutes and can be viewed by the patient.<\/p><h3>4.Implementation\/placement<\/h3><p>Once the process is complete, the patient will be able to see how the fit, bite, and aesthetics are simply perfect, tailored exactly to their needs. This will allow them to complete their treatment, in most cases, in a single appointment, with maximum adaptation and aesthetics.<\/p>\t\t\t\t\t\t\t\t<\/div>\n\t\t\t\t\t<\/div>\n\t\t\t\t<\/div>\n\t\t\t\t<\/div>\n\t\t","protected":false},"excerpt":{"rendered":"<p><img decoding=\"async\" class=\"alignnone size-full wp-image-269\" src=\"https:\/\/doadental.com\/wp-content\/uploads\/2017\/09\/restauracion-03.jpg\" alt=\"\" width=\"1200\" height=\"500\" srcset=\"https:\/\/doadental.com\/wp-content\/uploads\/2017\/09\/restauracion-03.jpg 1200w, https:\/\/doadental.com\/wp-content\/uploads\/2017\/09\/restauracion-03-300x125.jpg 300w, https:\/\/doadental.com\/wp-content\/uploads\/2017\/09\/restauracion-03-768x320.jpg 768w, https:\/\/doadental.com\/wp-content\/uploads\/2017\/09\/restauracion-03-1024x427.jpg 1024w\" sizes=\"(max-width: 1200px) 100vw, 1200px\" \/><\/p>\n<p>&nbsp;<\/p>\n<p>En muchas ocasiones encontramos que nuestros pacientes acuden a la consulta por la <strong>p\u00e9rdida parcial de alguna pieza dentaria, ya sea por fracturas o caries. <\/strong><\/p>\n<p>En <strong>DOA Dental Clinic<\/strong> trabajamos las <strong>restauraciones sobre dientes (onlay), <\/strong>alej\u00e1ndonos de la odontolog\u00eda conservadora tradicional. De hecho nos apoyamos en las nuevas <strong>tecnolog\u00edas digitales,\u00a0\u00a0 <\/strong>con\u00a0\u00a0 el\u00a0\u00a0 escaneado\u00a0\u00a0 bucal\u00a0\u00a0 y\u00a0\u00a0 trabajando\u00a0\u00a0 con\u00a0\u00a0 sistemas\u00a0\u00a0 CAD\/CAM podemos rehabilitar las piezas destruidas en una sola cita y conservando la mayor parte del diente remanente.<\/p>\n<p>Intervenciones menos invasivas, m\u00e1s r\u00e1pidas, c\u00f3modas y eficientes.<\/p>\n<p>&nbsp;<\/p>\n","protected":false},"author":6,"featured_media":0,"parent":842,"menu_order":0,"comment_status":"closed","ping_status":"closed","template":"","meta":{"_joinchat":[],"footnotes":""},"class_list":["post-855","page","type-page","status-publish","hentry"],"yoast_head":"<!-- This site is optimized with the Yoast SEO plugin v27.0 - https:\/\/yoast.com\/product\/yoast-seo-wordpress\/ -->\n<title>RESTORATION - DOA. Dental Clinic<\/title>\n<meta name=\"robots\" content=\"index, follow, max-snippet:-1, max-image-preview:large, max-video-preview:-1\" \/>\n<link rel=\"canonical\" href=\"https:\/\/doadental.com\/en\/treatments\/restoration\/\" \/>\n<meta property=\"og:locale\" content=\"en_US\" \/>\n<meta property=\"og:type\" content=\"article\" \/>\n<meta property=\"og:title\" content=\"RESTORATION - DOA. Dental Clinic\" \/>\n<meta property=\"og:description\" content=\"&nbsp;  En muchas ocasiones encontramos que nuestros pacientes acuden a la consulta por la p\u00e9rdida parcial de alguna pieza dentaria, ya sea por fracturas o caries.   En DOA Dental Clinic trabajamos las restauraciones sobre dientes (onlay), alej\u00e1ndonos de la odontolog\u00eda conservadora tradicional. De hecho nos apoyamos en las nuevas tecnolog\u00edas digitales,\u00a0\u00a0 con\u00a0\u00a0 el\u00a0\u00a0 escaneado\u00a0\u00a0 bucal\u00a0\u00a0 y\u00a0\u00a0 trabajando\u00a0\u00a0 con\u00a0\u00a0 sistemas\u00a0\u00a0 CAD\/CAM podemos rehabilitar las piezas destruidas en una sola cita y conservando la mayor parte del diente remanente.  Intervenciones menos invasivas, m\u00e1s r\u00e1pidas, c\u00f3modas y eficientes.  &nbsp;\" \/>\n<meta property=\"og:url\" content=\"https:\/\/doadental.com\/en\/treatments\/restoration\/\" \/>\n<meta property=\"og:site_name\" content=\"DOA. Dental Clinic\" \/>\n<meta property=\"article:modified_time\" content=\"2026-02-19T14:59:28+00:00\" \/>\n<meta property=\"og:image\" content=\"https:\/\/doadental.com\/wp-content\/uploads\/2017\/09\/restauracion-02-1024x624.jpg\" \/>\n<meta name=\"twitter:card\" content=\"summary_large_image\" \/>\n<meta name=\"twitter:label1\" content=\"Est. reading time\" \/>\n\t<meta name=\"twitter:data1\" content=\"2 minutes\" \/>\n<script type=\"application\/ld+json\" class=\"yoast-schema-graph\">{\"@context\":\"https:\/\/schema.org\",\"@graph\":[{\"@type\":\"WebPage\",\"@id\":\"https:\/\/doadental.com\/en\/treatments\/restoration\/\",\"url\":\"https:\/\/doadental.com\/en\/treatments\/restoration\/\",\"name\":\"RESTORATION - DOA. Dental Clinic\",\"isPartOf\":{\"@id\":\"https:\/\/doadental.com\/#website\"},\"primaryImageOfPage\":{\"@id\":\"https:\/\/doadental.com\/en\/treatments\/restoration\/#primaryimage\"},\"image\":{\"@id\":\"https:\/\/doadental.com\/en\/treatments\/restoration\/#primaryimage\"},\"thumbnailUrl\":\"https:\/\/doadental.com\/wp-content\/uploads\/2017\/09\/restauracion-02-1024x624.jpg\",\"datePublished\":\"2017-06-19T09:14:57+00:00\",\"dateModified\":\"2026-02-19T14:59:28+00:00\",\"breadcrumb\":{\"@id\":\"https:\/\/doadental.com\/en\/treatments\/restoration\/#breadcrumb\"},\"inLanguage\":\"en-US\",\"potentialAction\":[{\"@type\":\"ReadAction\",\"target\":[\"https:\/\/doadental.com\/en\/treatments\/restoration\/\"]}]},{\"@type\":\"ImageObject\",\"inLanguage\":\"en-US\",\"@id\":\"https:\/\/doadental.com\/en\/treatments\/restoration\/#primaryimage\",\"url\":\"https:\/\/doadental.com\/wp-content\/uploads\/2017\/09\/restauracion-02-1024x624.jpg\",\"contentUrl\":\"https:\/\/doadental.com\/wp-content\/uploads\/2017\/09\/restauracion-02-1024x624.jpg\"},{\"@type\":\"BreadcrumbList\",\"@id\":\"https:\/\/doadental.com\/en\/treatments\/restoration\/#breadcrumb\",\"itemListElement\":[{\"@type\":\"ListItem\",\"position\":1,\"name\":\"Portada\",\"item\":\"https:\/\/doadental.com\/en\/\"},{\"@type\":\"ListItem\",\"position\":2,\"name\":\"Treatments\",\"item\":\"https:\/\/doadental.com\/en\/treatments\/\"},{\"@type\":\"ListItem\",\"position\":3,\"name\":\"RESTORATION\"}]},{\"@type\":\"WebSite\",\"@id\":\"https:\/\/doadental.com\/#website\",\"url\":\"https:\/\/doadental.com\/\",\"name\":\"DOA. Dental Clinic\",\"description\":\"DOA Dental Clinic, instituto odontol\u00f3gico\",\"publisher\":{\"@id\":\"https:\/\/doadental.com\/#organization\"},\"potentialAction\":[{\"@type\":\"SearchAction\",\"target\":{\"@type\":\"EntryPoint\",\"urlTemplate\":\"https:\/\/doadental.com\/?s={search_term_string}\"},\"query-input\":{\"@type\":\"PropertyValueSpecification\",\"valueRequired\":true,\"valueName\":\"search_term_string\"}}],\"inLanguage\":\"en-US\"},{\"@type\":\"Organization\",\"@id\":\"https:\/\/doadental.com\/#organization\",\"name\":\"Doa Dental Clinic\",\"url\":\"https:\/\/doadental.com\/\",\"logo\":{\"@type\":\"ImageObject\",\"inLanguage\":\"en-US\",\"@id\":\"https:\/\/doadental.com\/#\/schema\/logo\/image\/\",\"url\":\"https:\/\/doadental.com\/wp-content\/uploads\/2018\/02\/logo-doa-dental-clinic.jpg\",\"contentUrl\":\"https:\/\/doadental.com\/wp-content\/uploads\/2018\/02\/logo-doa-dental-clinic.jpg\",\"width\":435,\"height\":186,\"caption\":\"Doa Dental Clinic\"},\"image\":{\"@id\":\"https:\/\/doadental.com\/#\/schema\/logo\/image\/\"}}]}<\/script>\n<!-- \/ Yoast SEO plugin. -->","yoast_head_json":{"title":"RESTORATION - DOA. Dental Clinic","robots":{"index":"index","follow":"follow","max-snippet":"max-snippet:-1","max-image-preview":"max-image-preview:large","max-video-preview":"max-video-preview:-1"},"canonical":"https:\/\/doadental.com\/en\/treatments\/restoration\/","og_locale":"en_US","og_type":"article","og_title":"RESTORATION - DOA. Dental Clinic","og_description":"&nbsp;  En muchas ocasiones encontramos que nuestros pacientes acuden a la consulta por la p\u00e9rdida parcial de alguna pieza dentaria, ya sea por fracturas o caries.   En DOA Dental Clinic trabajamos las restauraciones sobre dientes (onlay), alej\u00e1ndonos de la odontolog\u00eda conservadora tradicional. De hecho nos apoyamos en las nuevas tecnolog\u00edas digitales,\u00a0\u00a0 con\u00a0\u00a0 el\u00a0\u00a0 escaneado\u00a0\u00a0 bucal\u00a0\u00a0 y\u00a0\u00a0 trabajando\u00a0\u00a0 con\u00a0\u00a0 sistemas\u00a0\u00a0 CAD\/CAM podemos rehabilitar las piezas destruidas en una sola cita y conservando la mayor parte del diente remanente.  Intervenciones menos invasivas, m\u00e1s r\u00e1pidas, c\u00f3modas y eficientes.  &nbsp;","og_url":"https:\/\/doadental.com\/en\/treatments\/restoration\/","og_site_name":"DOA. Dental Clinic","article_modified_time":"2026-02-19T14:59:28+00:00","og_image":[{"url":"https:\/\/doadental.com\/wp-content\/uploads\/2017\/09\/restauracion-02-1024x624.jpg","type":"","width":"","height":""}],"twitter_card":"summary_large_image","twitter_misc":{"Est. reading time":"2 minutes"},"schema":{"@context":"https:\/\/schema.org","@graph":[{"@type":"WebPage","@id":"https:\/\/doadental.com\/en\/treatments\/restoration\/","url":"https:\/\/doadental.com\/en\/treatments\/restoration\/","name":"RESTORATION - DOA. Dental Clinic","isPartOf":{"@id":"https:\/\/doadental.com\/#website"},"primaryImageOfPage":{"@id":"https:\/\/doadental.com\/en\/treatments\/restoration\/#primaryimage"},"image":{"@id":"https:\/\/doadental.com\/en\/treatments\/restoration\/#primaryimage"},"thumbnailUrl":"https:\/\/doadental.com\/wp-content\/uploads\/2017\/09\/restauracion-02-1024x624.jpg","datePublished":"2017-06-19T09:14:57+00:00","dateModified":"2026-02-19T14:59:28+00:00","breadcrumb":{"@id":"https:\/\/doadental.com\/en\/treatments\/restoration\/#breadcrumb"},"inLanguage":"en-US","potentialAction":[{"@type":"ReadAction","target":["https:\/\/doadental.com\/en\/treatments\/restoration\/"]}]},{"@type":"ImageObject","inLanguage":"en-US","@id":"https:\/\/doadental.com\/en\/treatments\/restoration\/#primaryimage","url":"https:\/\/doadental.com\/wp-content\/uploads\/2017\/09\/restauracion-02-1024x624.jpg","contentUrl":"https:\/\/doadental.com\/wp-content\/uploads\/2017\/09\/restauracion-02-1024x624.jpg"},{"@type":"BreadcrumbList","@id":"https:\/\/doadental.com\/en\/treatments\/restoration\/#breadcrumb","itemListElement":[{"@type":"ListItem","position":1,"name":"Portada","item":"https:\/\/doadental.com\/en\/"},{"@type":"ListItem","position":2,"name":"Treatments","item":"https:\/\/doadental.com\/en\/treatments\/"},{"@type":"ListItem","position":3,"name":"RESTORATION"}]},{"@type":"WebSite","@id":"https:\/\/doadental.com\/#website","url":"https:\/\/doadental.com\/","name":"DOA. Dental Clinic","description":"DOA Dental Clinic, instituto odontol\u00f3gico","publisher":{"@id":"https:\/\/doadental.com\/#organization"},"potentialAction":[{"@type":"SearchAction","target":{"@type":"EntryPoint","urlTemplate":"https:\/\/doadental.com\/?s={search_term_string}"},"query-input":{"@type":"PropertyValueSpecification","valueRequired":true,"valueName":"search_term_string"}}],"inLanguage":"en-US"},{"@type":"Organization","@id":"https:\/\/doadental.com\/#organization","name":"Doa Dental Clinic","url":"https:\/\/doadental.com\/","logo":{"@type":"ImageObject","inLanguage":"en-US","@id":"https:\/\/doadental.com\/#\/schema\/logo\/image\/","url":"https:\/\/doadental.com\/wp-content\/uploads\/2018\/02\/logo-doa-dental-clinic.jpg","contentUrl":"https:\/\/doadental.com\/wp-content\/uploads\/2018\/02\/logo-doa-dental-clinic.jpg","width":435,"height":186,"caption":"Doa Dental Clinic"},"image":{"@id":"https:\/\/doadental.com\/#\/schema\/logo\/image\/"}}]}},"_links":{"self":[{"href":"https:\/\/doadental.com\/en\/wp-json\/wp\/v2\/pages\/855","targetHints":{"allow":["GET"]}}],"collection":[{"href":"https:\/\/doadental.com\/en\/wp-json\/wp\/v2\/pages"}],"about":[{"href":"https:\/\/doadental.com\/en\/wp-json\/wp\/v2\/types\/page"}],"author":[{"embeddable":true,"href":"https:\/\/doadental.com\/en\/wp-json\/wp\/v2\/users\/6"}],"replies":[{"embeddable":true,"href":"https:\/\/doadental.com\/en\/wp-json\/wp\/v2\/comments?post=855"}],"version-history":[{"count":10,"href":"https:\/\/doadental.com\/en\/wp-json\/wp\/v2\/pages\/855\/revisions"}],"predecessor-version":[{"id":15333,"href":"https:\/\/doadental.com\/en\/wp-json\/wp\/v2\/pages\/855\/revisions\/15333"}],"up":[{"embeddable":true,"href":"https:\/\/doadental.com\/en\/wp-json\/wp\/v2\/pages\/842"}],"wp:attachment":[{"href":"https:\/\/doadental.com\/en\/wp-json\/wp\/v2\/media?parent=855"}],"curies":[{"name":"wp","href":"https:\/\/api.w.org\/{rel}","templated":true}]}}