{"id":837,"date":"2017-06-16T12:00:38","date_gmt":"2017-06-16T12:00:38","guid":{"rendered":"https:\/\/doadental.com\/doa-academy\/"},"modified":"2023-05-23T16:40:46","modified_gmt":"2023-05-23T14:40:46","slug":"doa-academy","status":"publish","type":"page","link":"https:\/\/doadental.com\/en\/doa-academy\/","title":{"rendered":"Digital Odontology  Academy"},"content":{"rendered":"\n\n\t\t\t<h5>DIGITAL ODONTOLOGY ACADEMY<\/h5><h2>DOA (DIGITAL ODONTOLOGY ACADEMY) IS A THEORETICAL-PRACTICAL ACADEMY FOR THE TRAINING OF PROFESSIONALS IN THE FIELD OF DIGITAL DENTISTRY IN THE LAST EQUIPMENT AND SOFTWARE OF MARKET DESIGN.<\/h2>\t\t\t\n\t\t\t\tOver time, the appearance of new technologies and new materials has allowed the dental team to create prosthetic rehabilitations with a precision that were previously very difficult to obtain.\nVisit its website and find out about upcoming courses and conferences.\n\t\t\t<a href=\"http:\/\/www.doaacademy.com\/\" target=\"_blank\" rel=\"noopener\" role=\"button\" aria-label=\"DOAACADEMY.COM\">\n\t\t\t\t\t\t\tDOAACADEMY.COM\n\t\t<\/a>\n\n","protected":false},"excerpt":{"rendered":"<p><strong>DOA (Digital Odontology Academy)<\/strong> es una academia te\u00f3rico-pr\u00e1ctica para la formaci\u00f3n de profesionales en el \u00e1mbito de la odontolog\u00eda digital en los \u00fatlimos equipos y softwares de dise\u00f1o del mercado.<\/p>\n<p>Con el tiempo, la aparici\u00f3n de nuevas tecnolog\u00edas y nuevos materiales ha permitido al equipo odontol\u00f3gico crear rehabilitaciones prot\u00e9sicas con una precisi\u00f3n que antes eran muy dif\u00edciles de obtener.<\/p>\n<p>Visita su web e inf\u00f3rmate de los <strong>pr\u00f3ximos cursos y jornadas.<\/strong><\/p>\n<p>&nbsp;<\/p>\n","protected":false},"author":6,"featured_media":0,"parent":0,"menu_order":0,"comment_status":"closed","ping_status":"closed","template":"","meta":{"_joinchat":[],"footnotes":""},"class_list":["post-837","page","type-page","status-publish","hentry"],"yoast_head":"<!-- This site is optimized with the Yoast SEO plugin v27.0 - https:\/\/yoast.com\/product\/yoast-seo-wordpress\/ -->\n<title>Digital Odontology Academy - DOA. Dental Clinic<\/title>\n<meta name=\"robots\" content=\"index, follow, max-snippet:-1, max-image-preview:large, max-video-preview:-1\" \/>\n<link rel=\"canonical\" href=\"https:\/\/doadental.com\/doa-academy\/\" \/>\n<meta property=\"og:locale\" content=\"en_US\" \/>\n<meta property=\"og:type\" content=\"article\" \/>\n<meta property=\"og:title\" content=\"Digital Odontology Academy - DOA. Dental Clinic\" \/>\n<meta property=\"og:description\" content=\"DOA (Digital Odontology Academy) es una academia te\u00f3rico-pr\u00e1ctica para la formaci\u00f3n de profesionales en el \u00e1mbito de la odontolog\u00eda digital en los \u00fatlimos equipos y softwares de dise\u00f1o del mercado.  Con el tiempo, la aparici\u00f3n de nuevas tecnolog\u00edas y nuevos materiales ha permitido al equipo odontol\u00f3gico crear rehabilitaciones prot\u00e9sicas con una precisi\u00f3n que antes eran muy dif\u00edciles de obtener.  Visita su web e inf\u00f3rmate de los pr\u00f3ximos cursos y jornadas.  &nbsp;\" \/>\n<meta property=\"og:url\" content=\"https:\/\/doadental.com\/doa-academy\/\" \/>\n<meta property=\"og:site_name\" content=\"DOA. Dental Clinic\" \/>\n<meta property=\"article:modified_time\" content=\"2023-05-23T14:40:46+00:00\" \/>\n<meta name=\"twitter:card\" content=\"summary_large_image\" \/>\n<script type=\"application\/ld+json\" class=\"yoast-schema-graph\">{\"@context\":\"https:\/\/schema.org\",\"@graph\":[{\"@type\":\"WebPage\",\"@id\":\"https:\/\/doadental.com\/doa-academy\/\",\"url\":\"https:\/\/doadental.com\/doa-academy\/\",\"name\":\"Digital Odontology Academy - DOA. Dental Clinic\",\"isPartOf\":{\"@id\":\"https:\/\/doadental.com\/#website\"},\"datePublished\":\"2017-06-16T12:00:38+00:00\",\"dateModified\":\"2023-05-23T14:40:46+00:00\",\"breadcrumb\":{\"@id\":\"https:\/\/doadental.com\/doa-academy\/#breadcrumb\"},\"inLanguage\":\"en-US\",\"potentialAction\":[{\"@type\":\"ReadAction\",\"target\":[\"https:\/\/doadental.com\/doa-academy\/\"]}]},{\"@type\":\"BreadcrumbList\",\"@id\":\"https:\/\/doadental.com\/doa-academy\/#breadcrumb\",\"itemListElement\":[{\"@type\":\"ListItem\",\"position\":1,\"name\":\"Portada\",\"item\":\"https:\/\/doadental.com\/en\/\"},{\"@type\":\"ListItem\",\"position\":2,\"name\":\"Digital Odontology Academy\"}]},{\"@type\":\"WebSite\",\"@id\":\"https:\/\/doadental.com\/#website\",\"url\":\"https:\/\/doadental.com\/\",\"name\":\"DOA. Dental Clinic\",\"description\":\"DOA Dental Clinic, instituto odontol\u00f3gico\",\"publisher\":{\"@id\":\"https:\/\/doadental.com\/#organization\"},\"potentialAction\":[{\"@type\":\"SearchAction\",\"target\":{\"@type\":\"EntryPoint\",\"urlTemplate\":\"https:\/\/doadental.com\/?s={search_term_string}\"},\"query-input\":{\"@type\":\"PropertyValueSpecification\",\"valueRequired\":true,\"valueName\":\"search_term_string\"}}],\"inLanguage\":\"en-US\"},{\"@type\":\"Organization\",\"@id\":\"https:\/\/doadental.com\/#organization\",\"name\":\"Doa Dental Clinic\",\"url\":\"https:\/\/doadental.com\/\",\"logo\":{\"@type\":\"ImageObject\",\"inLanguage\":\"en-US\",\"@id\":\"https:\/\/doadental.com\/#\/schema\/logo\/image\/\",\"url\":\"https:\/\/doadental.com\/wp-content\/uploads\/2018\/02\/logo-doa-dental-clinic.jpg\",\"contentUrl\":\"https:\/\/doadental.com\/wp-content\/uploads\/2018\/02\/logo-doa-dental-clinic.jpg\",\"width\":435,\"height\":186,\"caption\":\"Doa Dental Clinic\"},\"image\":{\"@id\":\"https:\/\/doadental.com\/#\/schema\/logo\/image\/\"}}]}<\/script>\n<!-- \/ Yoast SEO plugin. -->","yoast_head_json":{"title":"Digital Odontology Academy - DOA. Dental Clinic","robots":{"index":"index","follow":"follow","max-snippet":"max-snippet:-1","max-image-preview":"max-image-preview:large","max-video-preview":"max-video-preview:-1"},"canonical":"https:\/\/doadental.com\/doa-academy\/","og_locale":"en_US","og_type":"article","og_title":"Digital Odontology Academy - DOA. Dental Clinic","og_description":"DOA (Digital Odontology Academy) es una academia te\u00f3rico-pr\u00e1ctica para la formaci\u00f3n de profesionales en el \u00e1mbito de la odontolog\u00eda digital en los \u00fatlimos equipos y softwares de dise\u00f1o del mercado.  Con el tiempo, la aparici\u00f3n de nuevas tecnolog\u00edas y nuevos materiales ha permitido al equipo odontol\u00f3gico crear rehabilitaciones prot\u00e9sicas con una precisi\u00f3n que antes eran muy dif\u00edciles de obtener.  Visita su web e inf\u00f3rmate de los pr\u00f3ximos cursos y jornadas.  &nbsp;","og_url":"https:\/\/doadental.com\/doa-academy\/","og_site_name":"DOA. Dental Clinic","article_modified_time":"2023-05-23T14:40:46+00:00","twitter_card":"summary_large_image","schema":{"@context":"https:\/\/schema.org","@graph":[{"@type":"WebPage","@id":"https:\/\/doadental.com\/doa-academy\/","url":"https:\/\/doadental.com\/doa-academy\/","name":"Digital Odontology Academy - DOA. Dental Clinic","isPartOf":{"@id":"https:\/\/doadental.com\/#website"},"datePublished":"2017-06-16T12:00:38+00:00","dateModified":"2023-05-23T14:40:46+00:00","breadcrumb":{"@id":"https:\/\/doadental.com\/doa-academy\/#breadcrumb"},"inLanguage":"en-US","potentialAction":[{"@type":"ReadAction","target":["https:\/\/doadental.com\/doa-academy\/"]}]},{"@type":"BreadcrumbList","@id":"https:\/\/doadental.com\/doa-academy\/#breadcrumb","itemListElement":[{"@type":"ListItem","position":1,"name":"Portada","item":"https:\/\/doadental.com\/en\/"},{"@type":"ListItem","position":2,"name":"Digital Odontology Academy"}]},{"@type":"WebSite","@id":"https:\/\/doadental.com\/#website","url":"https:\/\/doadental.com\/","name":"DOA. Dental Clinic","description":"DOA Dental Clinic, instituto odontol\u00f3gico","publisher":{"@id":"https:\/\/doadental.com\/#organization"},"potentialAction":[{"@type":"SearchAction","target":{"@type":"EntryPoint","urlTemplate":"https:\/\/doadental.com\/?s={search_term_string}"},"query-input":{"@type":"PropertyValueSpecification","valueRequired":true,"valueName":"search_term_string"}}],"inLanguage":"en-US"},{"@type":"Organization","@id":"https:\/\/doadental.com\/#organization","name":"Doa Dental Clinic","url":"https:\/\/doadental.com\/","logo":{"@type":"ImageObject","inLanguage":"en-US","@id":"https:\/\/doadental.com\/#\/schema\/logo\/image\/","url":"https:\/\/doadental.com\/wp-content\/uploads\/2018\/02\/logo-doa-dental-clinic.jpg","contentUrl":"https:\/\/doadental.com\/wp-content\/uploads\/2018\/02\/logo-doa-dental-clinic.jpg","width":435,"height":186,"caption":"Doa Dental Clinic"},"image":{"@id":"https:\/\/doadental.com\/#\/schema\/logo\/image\/"}}]}},"_links":{"self":[{"href":"https:\/\/doadental.com\/en\/wp-json\/wp\/v2\/pages\/837","targetHints":{"allow":["GET"]}}],"collection":[{"href":"https:\/\/doadental.com\/en\/wp-json\/wp\/v2\/pages"}],"about":[{"href":"https:\/\/doadental.com\/en\/wp-json\/wp\/v2\/types\/page"}],"author":[{"embeddable":true,"href":"https:\/\/doadental.com\/en\/wp-json\/wp\/v2\/users\/6"}],"replies":[{"embeddable":true,"href":"https:\/\/doadental.com\/en\/wp-json\/wp\/v2\/comments?post=837"}],"version-history":[{"count":1,"href":"https:\/\/doadental.com\/en\/wp-json\/wp\/v2\/pages\/837\/revisions"}],"predecessor-version":[{"id":7979,"href":"https:\/\/doadental.com\/en\/wp-json\/wp\/v2\/pages\/837\/revisions\/7979"}],"wp:attachment":[{"href":"https:\/\/doadental.com\/en\/wp-json\/wp\/v2\/media?parent=837"}],"curies":[{"name":"wp","href":"https:\/\/api.w.org\/{rel}","templated":true}]}}