{"id":792,"date":"2017-06-16T11:59:47","date_gmt":"2017-06-16T11:59:47","guid":{"rendered":"https:\/\/doadental.com\/home\/"},"modified":"2023-05-23T09:30:47","modified_gmt":"2023-05-23T07:30:47","slug":"home","status":"publish","type":"page","link":"https:\/\/doadental.com\/en\/home\/","title":{"rendered":"Home"},"content":{"rendered":"\n\n\t\t\t\t<img fetchpriority=\"high\" decoding=\"async\" src=\"https:\/\/doadental.com\/wp-content\/uploads\/2019\/09\/D-BLANCO.png\" alt=\"D-BLANCO\" itemprop=\"image\" height=\"600\" width=\"487\" title=\"D-BLANCO\" onerror=\"this.style.display='none'\"  \/>\n\t\t\t<h5>ODONTOLOGIC INSTITUTE OF DRS. GUTI\u00c9RREZ AND PRIETO<\/h5><h2>DOA Dental Clinic is headed by Dr. Nicol\u00e1s Guti\u00e9rrez and Dr. Ver\u00f3nica Prieto.<\/h2>\t\t\t\n\t\t\t\tOur Clinic is specialized in conservative and minimally invasive dentistry. For this, we have specialized in digital dentistry using state-of-the-art technology and 100% biocompatible materials.\n\t\t\t\t<img decoding=\"async\" src=\"https:\/\/doadental.com\/wp-content\/uploads\/2018\/12\/Nico.png\" alt=\"Nico\" itemprop=\"image\" height=\"340\" width=\"227\" title=\"Nico\" onerror=\"this.style.display='none'\"  \/>\n\t\t\t<h2>Dr. Nicol\u00e1s Guti\u00e9rrez<\/h2>\t\t\t\n\t\t\t\tDr. Gutierrez is recognized as one of the pioneers for digital technology in the Spanish sector. He and his team are in permanent training and collaborate as teachers in courses for professionals and universities.\n\t\t\t<a href=\"https:\/\/doadental.com\/en\/dr-nicolas-gutierrez\/\" target=\"_self\" role=\"button\" aria-label=\"KNOW MORE\" rel=\"noopener\">\n\t\t\t\t\t\t\tKNOW MORE\n\t\t<\/a>\n\t\t\t<h3>Dra. Ver\u00f3nica Prieto<\/h3>\t\t\t\n\t\t\t\tDr. Ver\u00f3nica Prieto Founder and expert in orthodontics. Degree in dentistry from the Complutense University of Madrid.1996- 2001.\n\t\t\t<a href=\"https:\/\/doadental.com\/en\/dra-veronica-prieto\/\" target=\"_self\" role=\"button\" aria-label=\"KNOW MORE\" rel=\"noopener\">\n\t\t\t\t\t\t\tKNOW MORE\n\t\t<\/a>\n\t\t\t\t<img decoding=\"async\" src=\"https:\/\/doadental.com\/wp-content\/uploads\/2018\/12\/Vero.png\" alt=\"ortodoncista madrid\" itemprop=\"image\" height=\"340\" width=\"227\" title=\"Vero-ortodoncista\" onerror=\"this.style.display='none'\"  \/>\n\t\t\t<a href=\"https:\/\/doadental.com\/en\/our-team\/\" target=\"_self\" role=\"button\" aria-label=\"KNOW THE TEAM\" rel=\"noopener\">\n\t\t\t\t\t\t\tKNOW THE TEAM\n\t\t<\/a>\n\t\t\t<h5>DOA DENTAL CLINIC<\/h5><h3>Technology is the way to save effort, time and give the best quality to our patients<\/h3>\t\t\t\n\t\t\t\t<img loading=\"lazy\" decoding=\"async\" src=\"https:\/\/doadental.com\/wp-content\/uploads\/2017\/06\/galeria-003.jpg\" alt=\"galeria-003\" itemprop=\"image\" height=\"1313\" width=\"2000\" title=\"galeria-003\" onerror=\"this.style.display='none'\"  \/>\n\t\t\t<h3>OUR CLINIC<\/h3>\t\t\t\n\t\t\t\t\t<img decoding=\"async\" src=\"https:\/\/doadental.com\/wp-content\/uploads\/2023\/05\/miniatura-de-video-doa.jpg\" alt=\/>\n\t\t\n","protected":false},"excerpt":{"rendered":"<h2>Instituto odontol\u00f3gico de los Doctores Guti\u00e9rrez y Prieto<\/h2>\n<p><strong>DOA Dental Clinic <\/strong>est\u00e1 dirigido por el <strong>Dr. Nicol\u00e1s Guti\u00e9rrez y la Dra. Ver\u00f3nica Prieto.<\/strong><\/p>\n<p>Nuestro centro es un espacio moderno, en pleno coraz\u00f3n de Madrid. Cuenta con un <strong>amplio equipo profesional, <\/strong>as\u00ed como con las <strong>\u00faltimas tecnolog\u00edas digitales <\/strong>de imagen y de dise\u00f1o dental para el tratamiento de nuestros pacientes.<\/p>\n<blockquote><p>La tecnolog\u00eda es la manera de ahorrar esfuerzo, tiempo y dar la mejor calidad a nuestros pacientes.<\/p><\/blockquote>\n<p>&nbsp;<\/p>\n","protected":false},"author":6,"featured_media":0,"parent":0,"menu_order":0,"comment_status":"closed","ping_status":"closed","template":"","meta":{"_joinchat":[],"footnotes":""},"class_list":["post-792","page","type-page","status-publish","hentry"],"yoast_head":"<!-- This site is optimized with the Yoast SEO plugin v27.0 - https:\/\/yoast.com\/product\/yoast-seo-wordpress\/ -->\n<title>DOA. Dental Clinic<\/title>\n<meta name=\"robots\" content=\"index, follow, max-snippet:-1, max-image-preview:large, max-video-preview:-1\" \/>\n<link rel=\"canonical\" href=\"https:\/\/doadental.com\/en\/home\/\" \/>\n<meta property=\"og:locale\" content=\"en_US\" \/>\n<meta property=\"og:type\" content=\"article\" \/>\n<meta property=\"og:title\" content=\"DOA. Dental Clinic\" \/>\n<meta property=\"og:description\" content=\"Instituto odontol\u00f3gico de los Doctores Guti\u00e9rrez y Prieto DOA Dental Clinic est\u00e1 dirigido por el Dr. Nicol\u00e1s Guti\u00e9rrez y la Dra. Ver\u00f3nica Prieto.  Nuestro centro es un espacio moderno, en pleno coraz\u00f3n de Madrid. Cuenta con un amplio equipo profesional, as\u00ed como con las \u00faltimas tecnolog\u00edas digitales de imagen y de dise\u00f1o dental para el tratamiento de nuestros pacientes. La tecnolog\u00eda es la manera de ahorrar esfuerzo, tiempo y dar la mejor calidad a nuestros pacientes. &nbsp;\" \/>\n<meta property=\"og:url\" content=\"https:\/\/doadental.com\/en\/home\/\" \/>\n<meta property=\"og:site_name\" content=\"DOA. Dental Clinic\" \/>\n<meta property=\"article:modified_time\" content=\"2023-05-23T07:30:47+00:00\" \/>\n<meta property=\"og:image\" content=\"https:\/\/doadental.com\/wp-content\/uploads\/2019\/09\/D-BLANCO.png\" \/>\n<meta name=\"twitter:card\" content=\"summary_large_image\" \/>\n<meta name=\"twitter:label1\" content=\"Est. reading time\" \/>\n\t<meta name=\"twitter:data1\" content=\"1 minute\" \/>\n<script type=\"application\/ld+json\" class=\"yoast-schema-graph\">{\"@context\":\"https:\/\/schema.org\",\"@graph\":[{\"@type\":\"WebPage\",\"@id\":\"https:\/\/doadental.com\/en\/home\/\",\"url\":\"https:\/\/doadental.com\/en\/home\/\",\"name\":\"DOA. Dental Clinic\",\"isPartOf\":{\"@id\":\"https:\/\/doadental.com\/#website\"},\"primaryImageOfPage\":{\"@id\":\"https:\/\/doadental.com\/en\/home\/#primaryimage\"},\"image\":{\"@id\":\"https:\/\/doadental.com\/en\/home\/#primaryimage\"},\"thumbnailUrl\":\"https:\/\/doadental.com\/wp-content\/uploads\/2019\/09\/D-BLANCO.png\",\"datePublished\":\"2017-06-16T11:59:47+00:00\",\"dateModified\":\"2023-05-23T07:30:47+00:00\",\"breadcrumb\":{\"@id\":\"https:\/\/doadental.com\/en\/home\/#breadcrumb\"},\"inLanguage\":\"en-US\",\"potentialAction\":[{\"@type\":\"ReadAction\",\"target\":[\"https:\/\/doadental.com\/en\/home\/\"]}]},{\"@type\":\"ImageObject\",\"inLanguage\":\"en-US\",\"@id\":\"https:\/\/doadental.com\/en\/home\/#primaryimage\",\"url\":\"https:\/\/doadental.com\/wp-content\/uploads\/2019\/09\/D-BLANCO.png\",\"contentUrl\":\"https:\/\/doadental.com\/wp-content\/uploads\/2019\/09\/D-BLANCO.png\"},{\"@type\":\"BreadcrumbList\",\"@id\":\"https:\/\/doadental.com\/en\/home\/#breadcrumb\",\"itemListElement\":[{\"@type\":\"ListItem\",\"position\":1,\"name\":\"Portada\",\"item\":\"https:\/\/doadental.com\/en\/\"},{\"@type\":\"ListItem\",\"position\":2,\"name\":\"Home\"}]},{\"@type\":\"WebSite\",\"@id\":\"https:\/\/doadental.com\/#website\",\"url\":\"https:\/\/doadental.com\/\",\"name\":\"DOA. Dental Clinic\",\"description\":\"DOA Dental Clinic, instituto odontol\u00f3gico\",\"publisher\":{\"@id\":\"https:\/\/doadental.com\/#organization\"},\"potentialAction\":[{\"@type\":\"SearchAction\",\"target\":{\"@type\":\"EntryPoint\",\"urlTemplate\":\"https:\/\/doadental.com\/?s={search_term_string}\"},\"query-input\":{\"@type\":\"PropertyValueSpecification\",\"valueRequired\":true,\"valueName\":\"search_term_string\"}}],\"inLanguage\":\"en-US\"},{\"@type\":\"Organization\",\"@id\":\"https:\/\/doadental.com\/#organization\",\"name\":\"Doa Dental Clinic\",\"url\":\"https:\/\/doadental.com\/\",\"logo\":{\"@type\":\"ImageObject\",\"inLanguage\":\"en-US\",\"@id\":\"https:\/\/doadental.com\/#\/schema\/logo\/image\/\",\"url\":\"https:\/\/doadental.com\/wp-content\/uploads\/2018\/02\/logo-doa-dental-clinic.jpg\",\"contentUrl\":\"https:\/\/doadental.com\/wp-content\/uploads\/2018\/02\/logo-doa-dental-clinic.jpg\",\"width\":435,\"height\":186,\"caption\":\"Doa Dental Clinic\"},\"image\":{\"@id\":\"https:\/\/doadental.com\/#\/schema\/logo\/image\/\"}}]}<\/script>\n<!-- \/ Yoast SEO plugin. -->","yoast_head_json":{"title":"DOA. Dental Clinic","robots":{"index":"index","follow":"follow","max-snippet":"max-snippet:-1","max-image-preview":"max-image-preview:large","max-video-preview":"max-video-preview:-1"},"canonical":"https:\/\/doadental.com\/en\/home\/","og_locale":"en_US","og_type":"article","og_title":"DOA. Dental Clinic","og_description":"Instituto odontol\u00f3gico de los Doctores Guti\u00e9rrez y Prieto DOA Dental Clinic est\u00e1 dirigido por el Dr. Nicol\u00e1s Guti\u00e9rrez y la Dra. Ver\u00f3nica Prieto.  Nuestro centro es un espacio moderno, en pleno coraz\u00f3n de Madrid. Cuenta con un amplio equipo profesional, as\u00ed como con las \u00faltimas tecnolog\u00edas digitales de imagen y de dise\u00f1o dental para el tratamiento de nuestros pacientes. La tecnolog\u00eda es la manera de ahorrar esfuerzo, tiempo y dar la mejor calidad a nuestros pacientes. &nbsp;","og_url":"https:\/\/doadental.com\/en\/home\/","og_site_name":"DOA. Dental Clinic","article_modified_time":"2023-05-23T07:30:47+00:00","og_image":[{"url":"https:\/\/doadental.com\/wp-content\/uploads\/2019\/09\/D-BLANCO.png","type":"","width":"","height":""}],"twitter_card":"summary_large_image","twitter_misc":{"Est. reading time":"1 minute"},"schema":{"@context":"https:\/\/schema.org","@graph":[{"@type":"WebPage","@id":"https:\/\/doadental.com\/en\/home\/","url":"https:\/\/doadental.com\/en\/home\/","name":"DOA. Dental Clinic","isPartOf":{"@id":"https:\/\/doadental.com\/#website"},"primaryImageOfPage":{"@id":"https:\/\/doadental.com\/en\/home\/#primaryimage"},"image":{"@id":"https:\/\/doadental.com\/en\/home\/#primaryimage"},"thumbnailUrl":"https:\/\/doadental.com\/wp-content\/uploads\/2019\/09\/D-BLANCO.png","datePublished":"2017-06-16T11:59:47+00:00","dateModified":"2023-05-23T07:30:47+00:00","breadcrumb":{"@id":"https:\/\/doadental.com\/en\/home\/#breadcrumb"},"inLanguage":"en-US","potentialAction":[{"@type":"ReadAction","target":["https:\/\/doadental.com\/en\/home\/"]}]},{"@type":"ImageObject","inLanguage":"en-US","@id":"https:\/\/doadental.com\/en\/home\/#primaryimage","url":"https:\/\/doadental.com\/wp-content\/uploads\/2019\/09\/D-BLANCO.png","contentUrl":"https:\/\/doadental.com\/wp-content\/uploads\/2019\/09\/D-BLANCO.png"},{"@type":"BreadcrumbList","@id":"https:\/\/doadental.com\/en\/home\/#breadcrumb","itemListElement":[{"@type":"ListItem","position":1,"name":"Portada","item":"https:\/\/doadental.com\/en\/"},{"@type":"ListItem","position":2,"name":"Home"}]},{"@type":"WebSite","@id":"https:\/\/doadental.com\/#website","url":"https:\/\/doadental.com\/","name":"DOA. Dental Clinic","description":"DOA Dental Clinic, instituto odontol\u00f3gico","publisher":{"@id":"https:\/\/doadental.com\/#organization"},"potentialAction":[{"@type":"SearchAction","target":{"@type":"EntryPoint","urlTemplate":"https:\/\/doadental.com\/?s={search_term_string}"},"query-input":{"@type":"PropertyValueSpecification","valueRequired":true,"valueName":"search_term_string"}}],"inLanguage":"en-US"},{"@type":"Organization","@id":"https:\/\/doadental.com\/#organization","name":"Doa Dental Clinic","url":"https:\/\/doadental.com\/","logo":{"@type":"ImageObject","inLanguage":"en-US","@id":"https:\/\/doadental.com\/#\/schema\/logo\/image\/","url":"https:\/\/doadental.com\/wp-content\/uploads\/2018\/02\/logo-doa-dental-clinic.jpg","contentUrl":"https:\/\/doadental.com\/wp-content\/uploads\/2018\/02\/logo-doa-dental-clinic.jpg","width":435,"height":186,"caption":"Doa Dental Clinic"},"image":{"@id":"https:\/\/doadental.com\/#\/schema\/logo\/image\/"}}]}},"_links":{"self":[{"href":"https:\/\/doadental.com\/en\/wp-json\/wp\/v2\/pages\/792","targetHints":{"allow":["GET"]}}],"collection":[{"href":"https:\/\/doadental.com\/en\/wp-json\/wp\/v2\/pages"}],"about":[{"href":"https:\/\/doadental.com\/en\/wp-json\/wp\/v2\/types\/page"}],"author":[{"embeddable":true,"href":"https:\/\/doadental.com\/en\/wp-json\/wp\/v2\/users\/6"}],"replies":[{"embeddable":true,"href":"https:\/\/doadental.com\/en\/wp-json\/wp\/v2\/comments?post=792"}],"version-history":[{"count":4,"href":"https:\/\/doadental.com\/en\/wp-json\/wp\/v2\/pages\/792\/revisions"}],"predecessor-version":[{"id":7949,"href":"https:\/\/doadental.com\/en\/wp-json\/wp\/v2\/pages\/792\/revisions\/7949"}],"wp:attachment":[{"href":"https:\/\/doadental.com\/en\/wp-json\/wp\/v2\/media?parent=792"}],"curies":[{"name":"wp","href":"https:\/\/api.w.org\/{rel}","templated":true}]}}