{"id":1350,"date":"2019-08-05T11:02:25","date_gmt":"2019-08-05T11:02:25","guid":{"rendered":"https:\/\/doadental.com\/estancias-clinicas\/"},"modified":"2019-09-16T08:01:38","modified_gmt":"2019-09-16T08:01:38","slug":"clinical-stays","status":"publish","type":"page","link":"https:\/\/doadental.com\/en\/clinical-stays\/","title":{"rendered":"CLINICAL STAYS"},"content":{"rendered":"\n\t\t\t<h3>CLINICAL STAYS <\/h3>\t\t\t\n\t\t\t\t<p>We offer the possibility of clinical stays, during days of one or more days in the Dental Center, Idealdental (located in C \/ Alcal\u00e1, 199 -Madrid-), the clinic that Dr. Nicol\u00e1s Guti\u00e9rrez Robledo directs.<\/p>\n<p>In this way, all people who are interested in this practice can request information to witness different clinical procedures live.<\/p>\n<p>The price and dates would be agreed with the person or persons interested.<\/p>\n\t<strong>SCHEDULE: <\/strong>Small groups (maximum three people).<br \/>\nSchedule and dates to be agreed.\n<p><strong>PLACE:<\/strong> C\/ Alcal\u00e1 199, low left. Madrid<\/p>\n<p><strong>CONTACT:<\/strong> 91 326 91 99<\/p>\n<p>Request <a href=\"#\">additional information<\/a><\/p>\n\t\t\t<a href=\"https:\/\/doadental.com\/inscribete\/\" target=\"_self\" role=\"button\" rel=\"noopener noreferrer\">\n\t\t\t\t\t\t\tENROLL UP\n\t\t\t\t\t<\/a>\n","protected":false},"excerpt":{"rendered":"","protected":false},"author":6,"featured_media":0,"parent":0,"menu_order":0,"comment_status":"closed","ping_status":"closed","template":"","meta":{"_joinchat":[],"footnotes":""},"class_list":["post-1350","page","type-page","status-publish","hentry"],"yoast_head":"<!-- This site is optimized with the Yoast SEO plugin v27.0 - https:\/\/yoast.com\/product\/yoast-seo-wordpress\/ -->\n<title>CLINICAL STAYS - DOA. Dental Clinic<\/title>\n<meta name=\"robots\" content=\"index, follow, max-snippet:-1, max-image-preview:large, max-video-preview:-1\" \/>\n<link rel=\"canonical\" href=\"https:\/\/doadental.com\/en\/clinical-stays\/\" \/>\n<meta property=\"og:locale\" content=\"en_US\" \/>\n<meta property=\"og:type\" content=\"article\" \/>\n<meta property=\"og:title\" content=\"CLINICAL STAYS - DOA. Dental Clinic\" \/>\n<meta property=\"og:url\" content=\"https:\/\/doadental.com\/en\/clinical-stays\/\" \/>\n<meta property=\"og:site_name\" content=\"DOA. Dental Clinic\" \/>\n<meta property=\"article:modified_time\" content=\"2019-09-16T08:01:38+00:00\" \/>\n<meta name=\"twitter:card\" content=\"summary_large_image\" \/>\n<script type=\"application\/ld+json\" class=\"yoast-schema-graph\">{\"@context\":\"https:\/\/schema.org\",\"@graph\":[{\"@type\":\"WebPage\",\"@id\":\"https:\/\/doadental.com\/en\/clinical-stays\/\",\"url\":\"https:\/\/doadental.com\/en\/clinical-stays\/\",\"name\":\"CLINICAL STAYS - DOA. Dental Clinic\",\"isPartOf\":{\"@id\":\"https:\/\/doadental.com\/#website\"},\"datePublished\":\"2019-08-05T11:02:25+00:00\",\"dateModified\":\"2019-09-16T08:01:38+00:00\",\"breadcrumb\":{\"@id\":\"https:\/\/doadental.com\/en\/clinical-stays\/#breadcrumb\"},\"inLanguage\":\"en-US\",\"potentialAction\":[{\"@type\":\"ReadAction\",\"target\":[\"https:\/\/doadental.com\/en\/clinical-stays\/\"]}]},{\"@type\":\"BreadcrumbList\",\"@id\":\"https:\/\/doadental.com\/en\/clinical-stays\/#breadcrumb\",\"itemListElement\":[{\"@type\":\"ListItem\",\"position\":1,\"name\":\"Portada\",\"item\":\"https:\/\/doadental.com\/en\/\"},{\"@type\":\"ListItem\",\"position\":2,\"name\":\"CLINICAL STAYS\"}]},{\"@type\":\"WebSite\",\"@id\":\"https:\/\/doadental.com\/#website\",\"url\":\"https:\/\/doadental.com\/\",\"name\":\"DOA. Dental Clinic\",\"description\":\"DOA Dental Clinic, instituto odontol\u00f3gico\",\"publisher\":{\"@id\":\"https:\/\/doadental.com\/#organization\"},\"potentialAction\":[{\"@type\":\"SearchAction\",\"target\":{\"@type\":\"EntryPoint\",\"urlTemplate\":\"https:\/\/doadental.com\/?s={search_term_string}\"},\"query-input\":{\"@type\":\"PropertyValueSpecification\",\"valueRequired\":true,\"valueName\":\"search_term_string\"}}],\"inLanguage\":\"en-US\"},{\"@type\":\"Organization\",\"@id\":\"https:\/\/doadental.com\/#organization\",\"name\":\"Doa Dental Clinic\",\"url\":\"https:\/\/doadental.com\/\",\"logo\":{\"@type\":\"ImageObject\",\"inLanguage\":\"en-US\",\"@id\":\"https:\/\/doadental.com\/#\/schema\/logo\/image\/\",\"url\":\"https:\/\/doadental.com\/wp-content\/uploads\/2018\/02\/logo-doa-dental-clinic.jpg\",\"contentUrl\":\"https:\/\/doadental.com\/wp-content\/uploads\/2018\/02\/logo-doa-dental-clinic.jpg\",\"width\":435,\"height\":186,\"caption\":\"Doa Dental Clinic\"},\"image\":{\"@id\":\"https:\/\/doadental.com\/#\/schema\/logo\/image\/\"}}]}<\/script>\n<!-- \/ Yoast SEO plugin. -->","yoast_head_json":{"title":"CLINICAL STAYS - DOA. Dental Clinic","robots":{"index":"index","follow":"follow","max-snippet":"max-snippet:-1","max-image-preview":"max-image-preview:large","max-video-preview":"max-video-preview:-1"},"canonical":"https:\/\/doadental.com\/en\/clinical-stays\/","og_locale":"en_US","og_type":"article","og_title":"CLINICAL STAYS - DOA. Dental Clinic","og_url":"https:\/\/doadental.com\/en\/clinical-stays\/","og_site_name":"DOA. Dental Clinic","article_modified_time":"2019-09-16T08:01:38+00:00","twitter_card":"summary_large_image","schema":{"@context":"https:\/\/schema.org","@graph":[{"@type":"WebPage","@id":"https:\/\/doadental.com\/en\/clinical-stays\/","url":"https:\/\/doadental.com\/en\/clinical-stays\/","name":"CLINICAL STAYS - DOA. Dental Clinic","isPartOf":{"@id":"https:\/\/doadental.com\/#website"},"datePublished":"2019-08-05T11:02:25+00:00","dateModified":"2019-09-16T08:01:38+00:00","breadcrumb":{"@id":"https:\/\/doadental.com\/en\/clinical-stays\/#breadcrumb"},"inLanguage":"en-US","potentialAction":[{"@type":"ReadAction","target":["https:\/\/doadental.com\/en\/clinical-stays\/"]}]},{"@type":"BreadcrumbList","@id":"https:\/\/doadental.com\/en\/clinical-stays\/#breadcrumb","itemListElement":[{"@type":"ListItem","position":1,"name":"Portada","item":"https:\/\/doadental.com\/en\/"},{"@type":"ListItem","position":2,"name":"CLINICAL STAYS"}]},{"@type":"WebSite","@id":"https:\/\/doadental.com\/#website","url":"https:\/\/doadental.com\/","name":"DOA. Dental Clinic","description":"DOA Dental Clinic, instituto odontol\u00f3gico","publisher":{"@id":"https:\/\/doadental.com\/#organization"},"potentialAction":[{"@type":"SearchAction","target":{"@type":"EntryPoint","urlTemplate":"https:\/\/doadental.com\/?s={search_term_string}"},"query-input":{"@type":"PropertyValueSpecification","valueRequired":true,"valueName":"search_term_string"}}],"inLanguage":"en-US"},{"@type":"Organization","@id":"https:\/\/doadental.com\/#organization","name":"Doa Dental Clinic","url":"https:\/\/doadental.com\/","logo":{"@type":"ImageObject","inLanguage":"en-US","@id":"https:\/\/doadental.com\/#\/schema\/logo\/image\/","url":"https:\/\/doadental.com\/wp-content\/uploads\/2018\/02\/logo-doa-dental-clinic.jpg","contentUrl":"https:\/\/doadental.com\/wp-content\/uploads\/2018\/02\/logo-doa-dental-clinic.jpg","width":435,"height":186,"caption":"Doa Dental Clinic"},"image":{"@id":"https:\/\/doadental.com\/#\/schema\/logo\/image\/"}}]}},"_links":{"self":[{"href":"https:\/\/doadental.com\/en\/wp-json\/wp\/v2\/pages\/1350","targetHints":{"allow":["GET"]}}],"collection":[{"href":"https:\/\/doadental.com\/en\/wp-json\/wp\/v2\/pages"}],"about":[{"href":"https:\/\/doadental.com\/en\/wp-json\/wp\/v2\/types\/page"}],"author":[{"embeddable":true,"href":"https:\/\/doadental.com\/en\/wp-json\/wp\/v2\/users\/6"}],"replies":[{"embeddable":true,"href":"https:\/\/doadental.com\/en\/wp-json\/wp\/v2\/comments?post=1350"}],"version-history":[{"count":0,"href":"https:\/\/doadental.com\/en\/wp-json\/wp\/v2\/pages\/1350\/revisions"}],"wp:attachment":[{"href":"https:\/\/doadental.com\/en\/wp-json\/wp\/v2\/media?parent=1350"}],"curies":[{"name":"wp","href":"https:\/\/api.w.org\/{rel}","templated":true}]}}