{"id":1004,"date":"2018-02-22T05:54:21","date_gmt":"2018-02-22T05:54:21","guid":{"rendered":"https:\/\/doadental.com\/politica-de-privacidad\/"},"modified":"2019-04-02T11:21:34","modified_gmt":"2019-04-02T11:21:34","slug":"privacy-policy","status":"publish","type":"page","link":"https:\/\/doadental.com\/en\/privacy-policy\/","title":{"rendered":"Privacy policy"},"content":{"rendered":"<p>De acuerdo con lo establecido por la Ley Org\u00e1nica 15\/1999 de 13 de diciembre, de Protecci\u00f3n de Datos de Car\u00e1cter Personal, los Usuarios determinan libre y voluntariamente si desean facilitar a <b>DOA Academy<\/b> los datos personales que se les puedan requerir o que se puedan obtener de los usuarios con ocasi\u00f3n de la suscripci\u00f3n o alta en algunos de los servicios ofrecidos por <b>DOA Academy<\/b> en el website o a trav\u00e9s del website. <b>DOA Academy<\/b> se reserva el derecho a modificar la presente pol\u00edtica para adaptarla a novedades legislativas o jurisprudenciales as\u00ed como a pr\u00e1cticas de la industria. En dichos supuestos, <b>DOA Academy<\/b> anunciar\u00e1 en esta p\u00e1gina los cambios introducidos con razonable antelaci\u00f3n a su puesta en pr\u00e1ctica.<\/p>\n<h3>Registro de ficheros y formularios<\/h3>\n<p>De acuerdo a lo establecido en la Ley Org\u00e1nica 15\/1999, de 13 de diciembre, de Protecci\u00f3n de Datos de Car\u00e1cter Personal, le informamos que los Datos Personales que se obtengan como consecuencia de su registro como Usuario, ser\u00e1n incorporados a un fichero titularidad de <b>DOA Academy<\/b>, teniendo implementadas las medidas de seguridad establecidas en el Real Decreto 1720\/2007, de 21 de diciembre.<\/p>\n<h3>Exactitud y veracidad de los datos facilitados<\/h3>\n<p>El Usuario garantiza que Los Datos Personales facilitados a <b>DOA Academy<\/b> son veraces y se hace responsable de comunicar a \u00e9stas cualquier modificaci\u00f3n en los mismos.<\/p>\n<h3>Finalidades<\/h3>\n<p>La recogida y tratamiento automatizado de los Datos Personales tiene como finalidad el mantenimiento de la relaci\u00f3n contractual en su caso establecida con <b>DOA Dental Clinic<\/b>, la gesti\u00f3n, administraci\u00f3n, prestaci\u00f3n, ampliaci\u00f3n y mejora de los servicios en los que el usuario decida suscribirse, darse de alta, o utilizar la adecuaci\u00f3n de dichos servicios a las preferencias y gustos de los Usuarios, el estudio de la utilizaci\u00f3n de los servicios por parte de los Usuarios, el dise\u00f1o de nuevos servicios relacionados con dichos servicios, el env\u00edo de actualizaciones de los servicios, el env\u00edo, por medios tradicionales y electr\u00f3nicos, de informaci\u00f3n t\u00e9cnica, operativa y comercial acerca de productos y servicios ofrecidos por <b>DOA Dental Clinic<\/b> y\/o por terceros, actualmente y en el futuro. La finalidad de la recogida y tratamiento automatizado de los Datos Personales incluye igualmente el env\u00edo de formularios de encuestas, que el Usuario no queda obligado a contestar.<\/p>\n<h3>Cesi\u00f3n<\/h3>\n<p><b>DOA Dental Clinic<\/b> podr\u00e1 ceder, en su caso, los Datos Personales a sociedades con las mismas finalidades que se han indicado para la recogida de los Datos Personales por parte de <b>DOA Dental Clinic<\/b> en relaci\u00f3n con sus respectivos productos y servicios. A los efectos de esta Pol\u00edtica de Privacidad, se consideran tambi\u00e9n aquellas sociedades con las que directa o indirectamente <b>DOA Dental Clinic<\/b> cierre acuerdos contractuales. En ciertos casos, adem\u00e1s, se proponen ceder los Datos Personales a terceros. Cuando proceda, esta circunstancia ser\u00e1 debidamente advertida a los usuarios en los formularios de recogida de Datos Personales, junto con la identificaci\u00f3n de la sociedad que los ceda y dicho tercero, el tipo de actividades a las que se dedica y la finalidad a que responde la cesi\u00f3n. El usuario podr\u00e1 oponerse en todo momento a cualquiera o todas las cesiones precitadas mediante el ejercicio de sus derechos seg\u00fan se detalla m\u00e1s abajo.<\/p>\n<h3>Ejercicio de derechos de acceso, rectificaci\u00f3n, cancelaci\u00f3n y oposici\u00f3n<\/h3>\n<p>Igualmente, podr\u00e1 dirigir sus comunicaciones y ejercitar los derechos de acceso, rectificaci\u00f3n, cancelaci\u00f3n y oposici\u00f3n por correo electr\u00f3nico dirigido a <a href=\"mailto:info@doadental.com\">info@doadental.com<\/a> o por correo ordinario, en la direcci\u00f3n indicada en el apartado de \u201cInformaci\u00f3n General\u201d. Para ejercer dichos derechos y en cumplimiento de la Instrucci\u00f3n 1\/1998, de 19 de enero, de la Agencia de Protecci\u00f3n de Datos, es necesario que usted acredite su personalidad frente a <b>DOA Dental Clinic<\/b> mediante el env\u00edo de fotocopia de Documento Nacional de Identidad o cualquier otro medio v\u00e1lido en Derecho.<\/p>\n<p>En el caso de que el cliente decida que no desea recibir comunicaciones comerciales de <b>DOA Dental Clinic<\/b> puede indicarlo enviando un correo electr\u00f3nico a la siguiente direcci\u00f3n <a href=\"mailto:info@doadental.com\">info@doadental.com<\/a>.<\/p>\n<h3>Medidas de seguridad<\/h3>\n<p><b>DOA Dental Clinic<\/b> ha adoptado los niveles y medidas de seguridad para la protecci\u00f3n de los datos personales instalando en sus sistemas y ficheros las medidas t\u00e9cnicas necesarias para garantizar el tratamiento confidencial de los datos, evitar su p\u00e9rdida, alteraci\u00f3n y acceso. <b>DOA Dental Clinic<\/b> no ser\u00e1 responsable de posibles da\u00f1os o perjuicios que se pudieran derivar de interferencias, omisiones, interrupciones, virus inform\u00e1ticos, aver\u00edas telef\u00f3nicas o desconexiones en el funcionamiento operativo de este sistema electr\u00f3nico, motivadas por causas ajenas a <b>DOA Dental Clinic<\/b>; de retrasos o bloqueos en el uso del presente sistema electr\u00f3nico causados por deficiencias o sobre cargas de l\u00edneas telef\u00f3nicas o sobrecargas en el Centro de Procesos de Datos, en el sistema de Internet o en otros sistemas electr\u00f3nicos, as\u00ed como de da\u00f1os que puedan ser causados por terceras personas mediante intromisiones ileg\u00edtimas fuera del control de <b>DOA <\/b><b>Dental Clinic<\/b>.<\/p>\n<h3>Aceptaci\u00f3n y consentimiento<\/h3>\n<p>El usuario declara haber sido informado de las condiciones sobre protecci\u00f3n de datos personales, aceptando y consintiendo el tratamiento automatizado de los mismos por parte de <b>DOA Dental Clinic<\/b>, en la forma y para las finalidades indicadas en la presente Pol\u00edtica de Privacidad.<\/p>\n","protected":false},"excerpt":{"rendered":"<p>De acuerdo con lo establecido por la Ley Org\u00e1nica 15\/1999 de 13 de diciembre, de Protecci\u00f3n de Datos de Car\u00e1cter Personal, los Usuarios determinan libre y voluntariamente si desean facilitar a DOA Academy los datos personales que se les puedan requerir o que se puedan obtener de los usuarios con ocasi\u00f3n de la suscripci\u00f3n o [&hellip;]<\/p>\n","protected":false},"author":6,"featured_media":0,"parent":0,"menu_order":0,"comment_status":"closed","ping_status":"closed","template":"","meta":{"_joinchat":[],"footnotes":""},"class_list":["post-1004","page","type-page","status-publish","hentry"],"yoast_head":"<!-- This site is optimized with the Yoast SEO plugin v27.0 - https:\/\/yoast.com\/product\/yoast-seo-wordpress\/ -->\n<title>Privacy policy - DOA. Dental Clinic<\/title>\n<meta name=\"robots\" content=\"index, follow, max-snippet:-1, max-image-preview:large, max-video-preview:-1\" \/>\n<link rel=\"canonical\" href=\"https:\/\/doadental.com\/en\/privacy-policy\/\" \/>\n<meta property=\"og:locale\" content=\"en_US\" \/>\n<meta property=\"og:type\" content=\"article\" \/>\n<meta property=\"og:title\" content=\"Privacy policy - DOA. Dental Clinic\" \/>\n<meta property=\"og:description\" content=\"De acuerdo con lo establecido por la Ley Org\u00e1nica 15\/1999 de 13 de diciembre, de Protecci\u00f3n de Datos de Car\u00e1cter Personal, los Usuarios determinan libre y voluntariamente si desean facilitar a DOA Academy los datos personales que se les puedan requerir o que se puedan obtener de los usuarios con ocasi\u00f3n de la suscripci\u00f3n o [&hellip;]\" \/>\n<meta property=\"og:url\" content=\"https:\/\/doadental.com\/en\/privacy-policy\/\" \/>\n<meta property=\"og:site_name\" content=\"DOA. Dental Clinic\" \/>\n<meta property=\"article:modified_time\" content=\"2019-04-02T11:21:34+00:00\" \/>\n<meta name=\"twitter:card\" content=\"summary_large_image\" \/>\n<meta name=\"twitter:label1\" content=\"Est. reading time\" \/>\n\t<meta name=\"twitter:data1\" content=\"5 minutes\" \/>\n<script type=\"application\/ld+json\" class=\"yoast-schema-graph\">{\"@context\":\"https:\/\/schema.org\",\"@graph\":[{\"@type\":\"WebPage\",\"@id\":\"https:\/\/doadental.com\/en\/privacy-policy\/\",\"url\":\"https:\/\/doadental.com\/en\/privacy-policy\/\",\"name\":\"Privacy policy - DOA. Dental Clinic\",\"isPartOf\":{\"@id\":\"https:\/\/doadental.com\/#website\"},\"datePublished\":\"2018-02-22T05:54:21+00:00\",\"dateModified\":\"2019-04-02T11:21:34+00:00\",\"breadcrumb\":{\"@id\":\"https:\/\/doadental.com\/en\/privacy-policy\/#breadcrumb\"},\"inLanguage\":\"en-US\",\"potentialAction\":[{\"@type\":\"ReadAction\",\"target\":[\"https:\/\/doadental.com\/en\/privacy-policy\/\"]}]},{\"@type\":\"BreadcrumbList\",\"@id\":\"https:\/\/doadental.com\/en\/privacy-policy\/#breadcrumb\",\"itemListElement\":[{\"@type\":\"ListItem\",\"position\":1,\"name\":\"Portada\",\"item\":\"https:\/\/doadental.com\/en\/\"},{\"@type\":\"ListItem\",\"position\":2,\"name\":\"Privacy policy\"}]},{\"@type\":\"WebSite\",\"@id\":\"https:\/\/doadental.com\/#website\",\"url\":\"https:\/\/doadental.com\/\",\"name\":\"DOA. Dental Clinic\",\"description\":\"DOA Dental Clinic, instituto odontol\u00f3gico\",\"publisher\":{\"@id\":\"https:\/\/doadental.com\/#organization\"},\"potentialAction\":[{\"@type\":\"SearchAction\",\"target\":{\"@type\":\"EntryPoint\",\"urlTemplate\":\"https:\/\/doadental.com\/?s={search_term_string}\"},\"query-input\":{\"@type\":\"PropertyValueSpecification\",\"valueRequired\":true,\"valueName\":\"search_term_string\"}}],\"inLanguage\":\"en-US\"},{\"@type\":\"Organization\",\"@id\":\"https:\/\/doadental.com\/#organization\",\"name\":\"Doa Dental Clinic\",\"url\":\"https:\/\/doadental.com\/\",\"logo\":{\"@type\":\"ImageObject\",\"inLanguage\":\"en-US\",\"@id\":\"https:\/\/doadental.com\/#\/schema\/logo\/image\/\",\"url\":\"https:\/\/doadental.com\/wp-content\/uploads\/2018\/02\/logo-doa-dental-clinic.jpg\",\"contentUrl\":\"https:\/\/doadental.com\/wp-content\/uploads\/2018\/02\/logo-doa-dental-clinic.jpg\",\"width\":435,\"height\":186,\"caption\":\"Doa Dental Clinic\"},\"image\":{\"@id\":\"https:\/\/doadental.com\/#\/schema\/logo\/image\/\"}}]}<\/script>\n<!-- \/ Yoast SEO plugin. -->","yoast_head_json":{"title":"Privacy policy - DOA. Dental Clinic","robots":{"index":"index","follow":"follow","max-snippet":"max-snippet:-1","max-image-preview":"max-image-preview:large","max-video-preview":"max-video-preview:-1"},"canonical":"https:\/\/doadental.com\/en\/privacy-policy\/","og_locale":"en_US","og_type":"article","og_title":"Privacy policy - DOA. Dental Clinic","og_description":"De acuerdo con lo establecido por la Ley Org\u00e1nica 15\/1999 de 13 de diciembre, de Protecci\u00f3n de Datos de Car\u00e1cter Personal, los Usuarios determinan libre y voluntariamente si desean facilitar a DOA Academy los datos personales que se les puedan requerir o que se puedan obtener de los usuarios con ocasi\u00f3n de la suscripci\u00f3n o [&hellip;]","og_url":"https:\/\/doadental.com\/en\/privacy-policy\/","og_site_name":"DOA. Dental Clinic","article_modified_time":"2019-04-02T11:21:34+00:00","twitter_card":"summary_large_image","twitter_misc":{"Est. reading time":"5 minutes"},"schema":{"@context":"https:\/\/schema.org","@graph":[{"@type":"WebPage","@id":"https:\/\/doadental.com\/en\/privacy-policy\/","url":"https:\/\/doadental.com\/en\/privacy-policy\/","name":"Privacy policy - DOA. Dental Clinic","isPartOf":{"@id":"https:\/\/doadental.com\/#website"},"datePublished":"2018-02-22T05:54:21+00:00","dateModified":"2019-04-02T11:21:34+00:00","breadcrumb":{"@id":"https:\/\/doadental.com\/en\/privacy-policy\/#breadcrumb"},"inLanguage":"en-US","potentialAction":[{"@type":"ReadAction","target":["https:\/\/doadental.com\/en\/privacy-policy\/"]}]},{"@type":"BreadcrumbList","@id":"https:\/\/doadental.com\/en\/privacy-policy\/#breadcrumb","itemListElement":[{"@type":"ListItem","position":1,"name":"Portada","item":"https:\/\/doadental.com\/en\/"},{"@type":"ListItem","position":2,"name":"Privacy policy"}]},{"@type":"WebSite","@id":"https:\/\/doadental.com\/#website","url":"https:\/\/doadental.com\/","name":"DOA. Dental Clinic","description":"DOA Dental Clinic, instituto odontol\u00f3gico","publisher":{"@id":"https:\/\/doadental.com\/#organization"},"potentialAction":[{"@type":"SearchAction","target":{"@type":"EntryPoint","urlTemplate":"https:\/\/doadental.com\/?s={search_term_string}"},"query-input":{"@type":"PropertyValueSpecification","valueRequired":true,"valueName":"search_term_string"}}],"inLanguage":"en-US"},{"@type":"Organization","@id":"https:\/\/doadental.com\/#organization","name":"Doa Dental Clinic","url":"https:\/\/doadental.com\/","logo":{"@type":"ImageObject","inLanguage":"en-US","@id":"https:\/\/doadental.com\/#\/schema\/logo\/image\/","url":"https:\/\/doadental.com\/wp-content\/uploads\/2018\/02\/logo-doa-dental-clinic.jpg","contentUrl":"https:\/\/doadental.com\/wp-content\/uploads\/2018\/02\/logo-doa-dental-clinic.jpg","width":435,"height":186,"caption":"Doa Dental Clinic"},"image":{"@id":"https:\/\/doadental.com\/#\/schema\/logo\/image\/"}}]}},"_links":{"self":[{"href":"https:\/\/doadental.com\/en\/wp-json\/wp\/v2\/pages\/1004","targetHints":{"allow":["GET"]}}],"collection":[{"href":"https:\/\/doadental.com\/en\/wp-json\/wp\/v2\/pages"}],"about":[{"href":"https:\/\/doadental.com\/en\/wp-json\/wp\/v2\/types\/page"}],"author":[{"embeddable":true,"href":"https:\/\/doadental.com\/en\/wp-json\/wp\/v2\/users\/6"}],"replies":[{"embeddable":true,"href":"https:\/\/doadental.com\/en\/wp-json\/wp\/v2\/comments?post=1004"}],"version-history":[{"count":0,"href":"https:\/\/doadental.com\/en\/wp-json\/wp\/v2\/pages\/1004\/revisions"}],"wp:attachment":[{"href":"https:\/\/doadental.com\/en\/wp-json\/wp\/v2\/media?parent=1004"}],"curies":[{"name":"wp","href":"https:\/\/api.w.org\/{rel}","templated":true}]}}